{"id":1124,"date":"2019-06-08T14:43:11","date_gmt":"2019-06-08T14:43:11","guid":{"rendered":"http:\/\/cadinox.creactivate.es\/?page_id=1124"},"modified":"2019-11-01T10:49:05","modified_gmt":"2019-11-01T10:49:05","slug":"equipo-calidad","status":"publish","type":"page","link":"https:\/\/cadinox.com\/de\/uber-uns\/unser-team\/qualitat\/","title":{"rendered":"Qualit\u00e4t"},"content":{"rendered":"<p>Unsere Mission ist es, zu kontrollieren und die Einhaltung der vom Kunden gestellten Anforderungen unabh\u00e4ngig zu \u00fcberpr\u00fcfen. Und diese Unabh\u00e4ngigkeit ist der Schl\u00fcssel zu unserem Erfolg.<\/p>\n<p>Unsere Funktionen sind:<\/p>\n<ul>\n<li>Schwei\u00dfanalyse durch NDT: Eindringende Fl\u00fcssigkeiten, magnetische Partikel, Ultraschall<\/li>\n<li>Sichtpr\u00fcfung<\/li>\n<li>Kontrolle von Dicke, Porosit\u00e4t, Haftung von Farbe und anderen Ger\u00e4ten in Absprache mit Virginia<\/li>\n<li>Ma\u00dfkontrolle (sowohl mit 3D-Laser-Tracker als auch mit manuellen Messwerkzeugen)<\/li>\n<li>Rauheitsmessung<\/li>\n<li>Materialpr\u00fcfung (P.M.I.)<\/li>\n<li>Druckpr\u00fcfung: Hydraulisch und pneumatisch<\/li>\n<li>Vakuumpr\u00fcfung, Dichtheitspr\u00fcfung, RGA.<\/li>\n<\/ul>\n<p><\/p>","protected":false},"excerpt":{"rendered":"<p>Unsere Mission ist es, zu kontrollieren und die Einhaltung der vom Kunden gestellten Anforderungen unabh\u00e4ngig zu \u00fcberpr\u00fcfen. Und diese Unabh\u00e4ngigkeit ist der Schl\u00fcssel zu [&hellip;]<\/p>\n","protected":false},"author":5,"featured_media":1126,"parent":35,"menu_order":0,"comment_status":"closed","ping_status":"closed","template":"","meta":[],"_links":{"self":[{"href":"https:\/\/cadinox.com\/de\/wp-json\/wp\/v2\/pages\/1124"}],"collection":[{"href":"https:\/\/cadinox.com\/de\/wp-json\/wp\/v2\/pages"}],"about":[{"href":"https:\/\/cadinox.com\/de\/wp-json\/wp\/v2\/types\/page"}],"author":[{"embeddable":true,"href":"https:\/\/cadinox.com\/de\/wp-json\/wp\/v2\/users\/5"}],"replies":[{"embeddable":true,"href":"https:\/\/cadinox.com\/de\/wp-json\/wp\/v2\/comments?post=1124"}],"version-history":[{"count":4,"href":"https:\/\/cadinox.com\/de\/wp-json\/wp\/v2\/pages\/1124\/revisions"}],"predecessor-version":[{"id":1296,"href":"https:\/\/cadinox.com\/de\/wp-json\/wp\/v2\/pages\/1124\/revisions\/1296"}],"up":[{"embeddable":true,"href":"https:\/\/cadinox.com\/de\/wp-json\/wp\/v2\/pages\/35"}],"wp:featuredmedia":[{"embeddable":true,"href":"https:\/\/cadinox.com\/de\/wp-json\/wp\/v2\/media\/1126"}],"wp:attachment":[{"href":"https:\/\/cadinox.com\/de\/wp-json\/wp\/v2\/media?parent=1124"}],"curies":[{"name":"wp","href":"https:\/\/api.w.org\/{rel}","templated":true}]}}