{"id":192,"date":"2018-01-10T11:50:49","date_gmt":"2018-01-10T11:50:49","guid":{"rendered":"http:\/\/cadinox.creactivate.es\/?page_id=192"},"modified":"2019-11-01T10:56:27","modified_gmt":"2019-11-01T10:56:27","slug":"equipo-gestores-de-proyecto","status":"publish","type":"page","link":"https:\/\/cadinox.com\/de\/uber-uns\/unser-team\/projektmanager\/","title":{"rendered":"Projektmanager"},"content":{"rendered":"<p>Wir sind die direkten Gespr\u00e4chspartner mit dem Kunden. Unsere Mission ist es, die Bed\u00fcrfnisse des Kunden zu verstehen und sie in genaue Angaben und Verfahren umzusetzen, um das bestm\u00f6gliche Ergebnis zu erzielen. Dazu m\u00fcssen wir die gleiche technische und emotionale Sprache sprechen wie der Kunde und diese an die internen Teams weiterleiten.<\/p>","protected":false},"excerpt":{"rendered":"<p>Wir sind die direkten Gespr\u00e4chspartner mit dem Kunden. Unsere Mission ist es, die Bed\u00fcrfnisse des Kunden zu verstehen und sie in genaue Angaben und [&hellip;]<\/p>\n","protected":false},"author":5,"featured_media":295,"parent":35,"menu_order":0,"comment_status":"closed","ping_status":"closed","template":"","meta":[],"_links":{"self":[{"href":"https:\/\/cadinox.com\/de\/wp-json\/wp\/v2\/pages\/192"}],"collection":[{"href":"https:\/\/cadinox.com\/de\/wp-json\/wp\/v2\/pages"}],"about":[{"href":"https:\/\/cadinox.com\/de\/wp-json\/wp\/v2\/types\/page"}],"author":[{"embeddable":true,"href":"https:\/\/cadinox.com\/de\/wp-json\/wp\/v2\/users\/5"}],"replies":[{"embeddable":true,"href":"https:\/\/cadinox.com\/de\/wp-json\/wp\/v2\/comments?post=192"}],"version-history":[{"count":14,"href":"https:\/\/cadinox.com\/de\/wp-json\/wp\/v2\/pages\/192\/revisions"}],"predecessor-version":[{"id":1288,"href":"https:\/\/cadinox.com\/de\/wp-json\/wp\/v2\/pages\/192\/revisions\/1288"}],"up":[{"embeddable":true,"href":"https:\/\/cadinox.com\/de\/wp-json\/wp\/v2\/pages\/35"}],"wp:featuredmedia":[{"embeddable":true,"href":"https:\/\/cadinox.com\/de\/wp-json\/wp\/v2\/media\/295"}],"wp:attachment":[{"href":"https:\/\/cadinox.com\/de\/wp-json\/wp\/v2\/media?parent=192"}],"curies":[{"name":"wp","href":"https:\/\/api.w.org\/{rel}","templated":true}]}}