{"id":195,"date":"2018-01-10T11:54:24","date_gmt":"2018-01-10T11:54:24","guid":{"rendered":"http:\/\/cadinox.creactivate.es\/?page_id=195"},"modified":"2019-11-01T10:55:31","modified_gmt":"2019-11-01T10:55:31","slug":"equipo-corte","status":"publish","type":"page","link":"https:\/\/cadinox.com\/de\/uber-uns\/unser-team\/schnitt\/","title":{"rendered":"Schnitt"},"content":{"rendered":"<p>Wir sind 3 Personen, die Erfahrung und Kreativit\u00e4t vereinen. Unsere Mission ist es, das geschnittene Material unter optimalen Bedingungen f\u00fcr die Umformer und Kesselbauer\/Montagebetriebe bereitzustellen, wobei wir uns der Bedeutung des Schneidens und der Kantenvorbereitung f\u00fcr die Endqualit\u00e4t des Produkts bewusst sind. Unsere Funktionen sind:<\/p>\n<ul>\n<li>Annahme und Klassifizierung von Materialien.<\/li>\n<li>HD-Plasma-, Autogen- oder Scherschneiden.<\/li>\n<li>Schr\u00e4gschneiden oder abgekantet.<\/li>\n<li>Vorbereitung von Materialien in Trays gem\u00e4\u00df der Fertigungsauftr\u00e4ge.<\/li>\n<\/ul>\n<p><\/p>","protected":false},"excerpt":{"rendered":"<p>Wir sind 3 Personen, die Erfahrung und Kreativit\u00e4t vereinen. Unsere Mission ist es, das geschnittene Material unter optimalen Bedingungen f\u00fcr die Umformer und Kesselbauer\/Montagebetriebe [&hellip;]<\/p>\n","protected":false},"author":5,"featured_media":673,"parent":35,"menu_order":0,"comment_status":"closed","ping_status":"closed","template":"","meta":[],"_links":{"self":[{"href":"https:\/\/cadinox.com\/de\/wp-json\/wp\/v2\/pages\/195"}],"collection":[{"href":"https:\/\/cadinox.com\/de\/wp-json\/wp\/v2\/pages"}],"about":[{"href":"https:\/\/cadinox.com\/de\/wp-json\/wp\/v2\/types\/page"}],"author":[{"embeddable":true,"href":"https:\/\/cadinox.com\/de\/wp-json\/wp\/v2\/users\/5"}],"replies":[{"embeddable":true,"href":"https:\/\/cadinox.com\/de\/wp-json\/wp\/v2\/comments?post=195"}],"version-history":[{"count":7,"href":"https:\/\/cadinox.com\/de\/wp-json\/wp\/v2\/pages\/195\/revisions"}],"predecessor-version":[{"id":1290,"href":"https:\/\/cadinox.com\/de\/wp-json\/wp\/v2\/pages\/195\/revisions\/1290"}],"up":[{"embeddable":true,"href":"https:\/\/cadinox.com\/de\/wp-json\/wp\/v2\/pages\/35"}],"wp:featuredmedia":[{"embeddable":true,"href":"https:\/\/cadinox.com\/de\/wp-json\/wp\/v2\/media\/673"}],"wp:attachment":[{"href":"https:\/\/cadinox.com\/de\/wp-json\/wp\/v2\/media?parent=195"}],"curies":[{"name":"wp","href":"https:\/\/api.w.org\/{rel}","templated":true}]}}