{"id":199,"date":"2018-01-10T11:56:20","date_gmt":"2018-01-10T11:56:20","guid":{"rendered":"http:\/\/cadinox.creactivate.es\/?page_id=199"},"modified":"2019-11-01T10:53:55","modified_gmt":"2019-11-01T10:53:55","slug":"equipo-montaje","status":"publish","type":"page","link":"https:\/\/cadinox.com\/de\/uber-uns\/unser-team\/montage\/","title":{"rendered":"Montage"},"content":{"rendered":"<p>Wir sind 14 Kesselbauer, deren Mission es ist, alle Komponenten zu vereinen, um das Teil genau so zu fertigen, wie es in der Zeichnung entworfen wurde, und es so f\u00fcr den Schwei\u00dfprozess bereit zu machen.<\/p>\n<p>Unsere Funktionen sind:<\/p>\n<ul>\n<li>Pl\u00e4ne und Roadmaps richtig interpretieren.<\/li>\n<li>Pr\u00e4zise Positionierung und Interpunktion von Komponenten mit verschiedenen Techniken zur Referenzierung von Messungen.<\/li>\n<li>Vorkalkulation von Ausdehnung \/ Kontraktion der Schwei\u00dfnaht sowie der Werte f\u00fcr Parallelit\u00e4t, Rundlauf, Rechtwinkligkeit und Ebenheit.<\/li>\n<li>Ber\u00fccksichtigung der endg\u00fcltigen Abmessungen und des f\u00fcr die Bearbeitung erforderlichen \u00dcberschusses.<\/li>\n<\/ul>\n<p><\/p>","protected":false},"excerpt":{"rendered":"<p>Wir sind 14 Kesselbauer, deren Mission es ist, alle Komponenten zu vereinen, um das Teil genau so zu fertigen, wie es in der Zeichnung [&hellip;]<\/p>\n","protected":false},"author":5,"featured_media":1117,"parent":35,"menu_order":0,"comment_status":"closed","ping_status":"closed","template":"","meta":[],"_links":{"self":[{"href":"https:\/\/cadinox.com\/de\/wp-json\/wp\/v2\/pages\/199"}],"collection":[{"href":"https:\/\/cadinox.com\/de\/wp-json\/wp\/v2\/pages"}],"about":[{"href":"https:\/\/cadinox.com\/de\/wp-json\/wp\/v2\/types\/page"}],"author":[{"embeddable":true,"href":"https:\/\/cadinox.com\/de\/wp-json\/wp\/v2\/users\/5"}],"replies":[{"embeddable":true,"href":"https:\/\/cadinox.com\/de\/wp-json\/wp\/v2\/comments?post=199"}],"version-history":[{"count":7,"href":"https:\/\/cadinox.com\/de\/wp-json\/wp\/v2\/pages\/199\/revisions"}],"predecessor-version":[{"id":1292,"href":"https:\/\/cadinox.com\/de\/wp-json\/wp\/v2\/pages\/199\/revisions\/1292"}],"up":[{"embeddable":true,"href":"https:\/\/cadinox.com\/de\/wp-json\/wp\/v2\/pages\/35"}],"wp:featuredmedia":[{"embeddable":true,"href":"https:\/\/cadinox.com\/de\/wp-json\/wp\/v2\/media\/1117"}],"wp:attachment":[{"href":"https:\/\/cadinox.com\/de\/wp-json\/wp\/v2\/media?parent=199"}],"curies":[{"name":"wp","href":"https:\/\/api.w.org\/{rel}","templated":true}]}}