{"id":201,"date":"2018-01-10T11:57:17","date_gmt":"2018-01-10T11:57:17","guid":{"rendered":"http:\/\/cadinox.creactivate.es\/?page_id=201"},"modified":"2019-11-01T10:53:16","modified_gmt":"2019-11-01T10:53:16","slug":"equipo-soldadura","status":"publish","type":"page","link":"https:\/\/cadinox.com\/de\/uber-uns\/unser-team\/schweiben\/","title":{"rendered":"Schwei\u00dfen"},"content":{"rendered":"<p>Wir sind 16 Schwei\u00dfer und unsere Mission ist es, die Teile so zu verbinden, dass sie die gleichen mechanischen Eigenschaften wie das Ausgangsmaterial haben.<\/p>\n<p>Unsere Funktionen sind:<\/p>\n<ul>\n<li>L\u00f6ten der Verbindungen gem\u00e4\u00df den Anweisungen in der Roadmap und den Spezifikationen im Schwei\u00dfbuch, P.Q.R. und W.P.S.<\/li>\n<li>Kontrolle von Beitrags- und Geschwindigkeitswerten, um homogene Schn\u00fcre ohne Unvollkommenheiten zu erhalten.<\/li>\n<li>Schlichten oder Formschleifen.<\/li>\n<li>Eine m\u00f6glichst geringe Belastung und Verformung gew\u00e4hrleisten.<\/li>\n<\/ul>\n<p><\/p>","protected":false},"excerpt":{"rendered":"<p>Wir sind 16 Schwei\u00dfer und unsere Mission ist es, die Teile so zu verbinden, dass sie die gleichen mechanischen Eigenschaften wie das Ausgangsmaterial haben. [&hellip;]<\/p>\n","protected":false},"author":5,"featured_media":955,"parent":35,"menu_order":0,"comment_status":"closed","ping_status":"closed","template":"","meta":[],"_links":{"self":[{"href":"https:\/\/cadinox.com\/de\/wp-json\/wp\/v2\/pages\/201"}],"collection":[{"href":"https:\/\/cadinox.com\/de\/wp-json\/wp\/v2\/pages"}],"about":[{"href":"https:\/\/cadinox.com\/de\/wp-json\/wp\/v2\/types\/page"}],"author":[{"embeddable":true,"href":"https:\/\/cadinox.com\/de\/wp-json\/wp\/v2\/users\/5"}],"replies":[{"embeddable":true,"href":"https:\/\/cadinox.com\/de\/wp-json\/wp\/v2\/comments?post=201"}],"version-history":[{"count":8,"href":"https:\/\/cadinox.com\/de\/wp-json\/wp\/v2\/pages\/201\/revisions"}],"predecessor-version":[{"id":1293,"href":"https:\/\/cadinox.com\/de\/wp-json\/wp\/v2\/pages\/201\/revisions\/1293"}],"up":[{"embeddable":true,"href":"https:\/\/cadinox.com\/de\/wp-json\/wp\/v2\/pages\/35"}],"wp:featuredmedia":[{"embeddable":true,"href":"https:\/\/cadinox.com\/de\/wp-json\/wp\/v2\/media\/955"}],"wp:attachment":[{"href":"https:\/\/cadinox.com\/de\/wp-json\/wp\/v2\/media?parent=201"}],"curies":[{"name":"wp","href":"https:\/\/api.w.org\/{rel}","templated":true}]}}