{"id":203,"date":"2018-01-10T11:58:08","date_gmt":"2018-01-10T11:58:08","guid":{"rendered":"http:\/\/cadinox.creactivate.es\/?page_id=203"},"modified":"2019-11-01T10:52:33","modified_gmt":"2019-11-01T10:52:33","slug":"equipo-mecanizado","status":"publish","type":"page","link":"https:\/\/cadinox.com\/de\/uber-uns\/unser-team\/bearbeitung\/","title":{"rendered":"Bearbeitung"},"content":{"rendered":"<p>Das Bearbeitungsteam besteht aus 10 Personen und unsere Mission ist es, den Teilen die Pr\u00e4zision zu verleihen, die sie f\u00fcr ihre Funktion ben\u00f6tigen.<\/p>\n<p>Unsere Funktionen sind:<\/p>\n<ul>\n<li>Die Pl\u00e4ne und die CNC zu interpretieren, um die erforderliche Pr\u00e4zision zu erfahren.<\/li>\n<li>Die Bedienung von Maschinen und CNCs.<\/li>\n<li>Entgraten, Reinigen und Fetten.<\/li>\n<li>Verifizierung und Ma\u00dfkontrolle.<\/li>\n<\/ul>\n<p><\/p>","protected":false},"excerpt":{"rendered":"<p>Das Bearbeitungsteam besteht aus 10 Personen und unsere Mission ist es, den Teilen die Pr\u00e4zision zu verleihen, die sie f\u00fcr ihre Funktion ben\u00f6tigen. Unsere [&hellip;]<\/p>\n","protected":false},"author":5,"featured_media":675,"parent":35,"menu_order":0,"comment_status":"closed","ping_status":"closed","template":"","meta":[],"_links":{"self":[{"href":"https:\/\/cadinox.com\/de\/wp-json\/wp\/v2\/pages\/203"}],"collection":[{"href":"https:\/\/cadinox.com\/de\/wp-json\/wp\/v2\/pages"}],"about":[{"href":"https:\/\/cadinox.com\/de\/wp-json\/wp\/v2\/types\/page"}],"author":[{"embeddable":true,"href":"https:\/\/cadinox.com\/de\/wp-json\/wp\/v2\/users\/5"}],"replies":[{"embeddable":true,"href":"https:\/\/cadinox.com\/de\/wp-json\/wp\/v2\/comments?post=203"}],"version-history":[{"count":9,"href":"https:\/\/cadinox.com\/de\/wp-json\/wp\/v2\/pages\/203\/revisions"}],"predecessor-version":[{"id":1294,"href":"https:\/\/cadinox.com\/de\/wp-json\/wp\/v2\/pages\/203\/revisions\/1294"}],"up":[{"embeddable":true,"href":"https:\/\/cadinox.com\/de\/wp-json\/wp\/v2\/pages\/35"}],"wp:featuredmedia":[{"embeddable":true,"href":"https:\/\/cadinox.com\/de\/wp-json\/wp\/v2\/media\/675"}],"wp:attachment":[{"href":"https:\/\/cadinox.com\/de\/wp-json\/wp\/v2\/media?parent=203"}],"curies":[{"name":"wp","href":"https:\/\/api.w.org\/{rel}","templated":true}]}}