{"id":207,"date":"2018-01-10T11:59:42","date_gmt":"2018-01-10T11:59:42","guid":{"rendered":"http:\/\/cadinox.creactivate.es\/?page_id=207"},"modified":"2019-11-01T10:50:56","modified_gmt":"2019-11-01T10:50:56","slug":"equipo-administracion","status":"publish","type":"page","link":"https:\/\/cadinox.com\/de\/uber-uns\/unser-team\/support-team\/","title":{"rendered":"Support-Team"},"content":{"rendered":"<p>Wir sind Kaufleute, Eink\u00e4ufer, Verwalter und Manager, die unsere operativen Teams umfassend unterst\u00fctzen. Auf der einen Seite stellen wir uns den allt\u00e4glichen Bed\u00fcrfnissen. Wir sind auch immer rastlos und f\u00fchren die nicht immer angenehmen Ver\u00e4nderungen an, die unserem Unternehmen neue Szenarien \u00f6ffnen.<\/p>","protected":false},"excerpt":{"rendered":"<p>Wir sind Kaufleute, Eink\u00e4ufer, Verwalter und Manager, die unsere operativen Teams umfassend unterst\u00fctzen. Auf der einen Seite stellen wir uns den allt\u00e4glichen Bed\u00fcrfnissen. Wir [&hellip;]<\/p>\n","protected":false},"author":5,"featured_media":953,"parent":35,"menu_order":0,"comment_status":"closed","ping_status":"closed","template":"","meta":[],"_links":{"self":[{"href":"https:\/\/cadinox.com\/de\/wp-json\/wp\/v2\/pages\/207"}],"collection":[{"href":"https:\/\/cadinox.com\/de\/wp-json\/wp\/v2\/pages"}],"about":[{"href":"https:\/\/cadinox.com\/de\/wp-json\/wp\/v2\/types\/page"}],"author":[{"embeddable":true,"href":"https:\/\/cadinox.com\/de\/wp-json\/wp\/v2\/users\/5"}],"replies":[{"embeddable":true,"href":"https:\/\/cadinox.com\/de\/wp-json\/wp\/v2\/comments?post=207"}],"version-history":[{"count":8,"href":"https:\/\/cadinox.com\/de\/wp-json\/wp\/v2\/pages\/207\/revisions"}],"predecessor-version":[{"id":1297,"href":"https:\/\/cadinox.com\/de\/wp-json\/wp\/v2\/pages\/207\/revisions\/1297"}],"up":[{"embeddable":true,"href":"https:\/\/cadinox.com\/de\/wp-json\/wp\/v2\/pages\/35"}],"wp:featuredmedia":[{"embeddable":true,"href":"https:\/\/cadinox.com\/de\/wp-json\/wp\/v2\/media\/953"}],"wp:attachment":[{"href":"https:\/\/cadinox.com\/de\/wp-json\/wp\/v2\/media?parent=207"}],"curies":[{"name":"wp","href":"https:\/\/api.w.org\/{rel}","templated":true}]}}