{"id":21,"date":"2017-09-23T22:20:52","date_gmt":"2017-09-23T22:20:52","guid":{"rendered":"http:\/\/localhost\/cadinox\/?page_id=21"},"modified":"2019-11-01T11:03:58","modified_gmt":"2019-11-01T11:03:58","slug":"historia-y-evolucion","status":"publish","type":"page","link":"https:\/\/cadinox.com\/de\/uber-uns\/geschichte-und-entwicklung\/","title":{"rendered":"Geschichte und Entwicklung"},"content":{"rendered":"<p>Cadinox, S.A. ist ein Familienunternehmen, das 1966 dank des Unternehmergeistes und der Berufung zum Kundenservice seiner Gr\u00fcnder Antonio Artola und Agust\u00edn Isasti gegr\u00fcndet wurde.<\/p>\n<p>Urspr\u00fcnglich als Werkstatt f\u00fcr Teile f\u00fcr die \u00f6rtliche Papierindustrie gegr\u00fcndet, entwickelte sich das Unternehmen zu einem Anbieter von mechanisch geschwei\u00dften L\u00f6sungen f\u00fcr komplexe und einzigartige Anlagen.<\/p>\n<p>Ein agiles und modernes Unternehmen, dessen Strategie auf folgenden Konzepten beruht:<\/p>\n<ul>\n<li>Die Kundenn\u00e4he eines Familienunternehmens<\/li>\n<li>Geografische und branchenspezifische Diversifizierung, \u00fcber 50% Export in 4 Kontinente.<\/li>\n<\/ul>\n<p><\/p>","protected":false},"excerpt":{"rendered":"<p>Cadinox, S.A. ist ein Familienunternehmen, das 1966 dank des Unternehmergeistes und der Berufung zum Kundenservice seiner Gr\u00fcnder Antonio Artola und Agust\u00edn Isasti gegr\u00fcndet wurde. [&hellip;]<\/p>\n","protected":false},"author":5,"featured_media":0,"parent":30,"menu_order":0,"comment_status":"closed","ping_status":"closed","template":"","meta":[],"_links":{"self":[{"href":"https:\/\/cadinox.com\/de\/wp-json\/wp\/v2\/pages\/21"}],"collection":[{"href":"https:\/\/cadinox.com\/de\/wp-json\/wp\/v2\/pages"}],"about":[{"href":"https:\/\/cadinox.com\/de\/wp-json\/wp\/v2\/types\/page"}],"author":[{"embeddable":true,"href":"https:\/\/cadinox.com\/de\/wp-json\/wp\/v2\/users\/5"}],"replies":[{"embeddable":true,"href":"https:\/\/cadinox.com\/de\/wp-json\/wp\/v2\/comments?post=21"}],"version-history":[{"count":21,"href":"https:\/\/cadinox.com\/de\/wp-json\/wp\/v2\/pages\/21\/revisions"}],"predecessor-version":[{"id":1270,"href":"https:\/\/cadinox.com\/de\/wp-json\/wp\/v2\/pages\/21\/revisions\/1270"}],"up":[{"embeddable":true,"href":"https:\/\/cadinox.com\/de\/wp-json\/wp\/v2\/pages\/30"}],"wp:attachment":[{"href":"https:\/\/cadinox.com\/de\/wp-json\/wp\/v2\/media?parent=21"}],"curies":[{"name":"wp","href":"https:\/\/api.w.org\/{rel}","templated":true}]}}