{"id":25,"date":"2017-09-23T22:22:00","date_gmt":"2017-09-23T22:22:00","guid":{"rendered":"http:\/\/localhost\/cadinox\/?page_id=25"},"modified":"2019-11-01T11:19:17","modified_gmt":"2019-11-01T11:19:17","slug":"actividad","status":"publish","type":"page","link":"https:\/\/cadinox.com\/de\/uber-uns\/tatigkeit\/","title":{"rendered":"T\u00e4tigkeit"},"content":{"rendered":"<p>CADINOX widmet sich der maschinell geschwei\u00dften Herstellung gro\u00dfer, hochpr\u00e4ziser kritischer Anlagen, die in komplexen und einzigartigen Umgebungen arbeiten.<\/p>\n<p>Aufgrund der gesammelten Erfahrung bietet CADINOX au\u00dferdem zus\u00e4tzliche Dienstleistungen wie Design im Detail, Inspektion und Ablaufkontrolle, Tests und Beratung zu Materialien und Abl\u00e4ufen an.<\/p>\n<p>Auf diese Weise wird CADINOX zu einem integralen Manager ihrer Maschinenbauprojekte und behandelt jedes Projekt als einzigartig.<\/p>\n<p>Und das alles unter dem Konzept U1R= UNDER ONE ROOF: vollst\u00e4ndig in den CADINOX-Anlagen hergestellt.<\/p>\n<p>Cadinox verf\u00fcgt \u00fcber die Kapazit\u00e4t und Erfahrung, um nach verschiedenen internationalen Normen und Richtlinien zu produzieren:<\/p>","protected":false},"excerpt":{"rendered":"<p>CADINOX widmet sich der maschinell geschwei\u00dften Herstellung gro\u00dfer, hochpr\u00e4ziser kritischer Anlagen, die in komplexen und einzigartigen Umgebungen arbeiten. Aufgrund der gesammelten Erfahrung bietet CADINOX [&hellip;]<\/p>\n","protected":false},"author":5,"featured_media":0,"parent":30,"menu_order":0,"comment_status":"closed","ping_status":"closed","template":"","meta":[],"_links":{"self":[{"href":"https:\/\/cadinox.com\/de\/wp-json\/wp\/v2\/pages\/25"}],"collection":[{"href":"https:\/\/cadinox.com\/de\/wp-json\/wp\/v2\/pages"}],"about":[{"href":"https:\/\/cadinox.com\/de\/wp-json\/wp\/v2\/types\/page"}],"author":[{"embeddable":true,"href":"https:\/\/cadinox.com\/de\/wp-json\/wp\/v2\/users\/5"}],"replies":[{"embeddable":true,"href":"https:\/\/cadinox.com\/de\/wp-json\/wp\/v2\/comments?post=25"}],"version-history":[{"count":20,"href":"https:\/\/cadinox.com\/de\/wp-json\/wp\/v2\/pages\/25\/revisions"}],"predecessor-version":[{"id":1301,"href":"https:\/\/cadinox.com\/de\/wp-json\/wp\/v2\/pages\/25\/revisions\/1301"}],"up":[{"embeddable":true,"href":"https:\/\/cadinox.com\/de\/wp-json\/wp\/v2\/pages\/30"}],"wp:attachment":[{"href":"https:\/\/cadinox.com\/de\/wp-json\/wp\/v2\/media?parent=25"}],"curies":[{"name":"wp","href":"https:\/\/api.w.org\/{rel}","templated":true}]}}