{"id":33,"date":"2017-09-23T22:35:33","date_gmt":"2017-09-23T22:35:33","guid":{"rendered":"http:\/\/localhost\/cadinox\/?page_id=33"},"modified":"2019-11-01T10:57:33","modified_gmt":"2019-11-01T10:57:33","slug":"instalaciones-y-recursos","status":"publish","type":"page","link":"https:\/\/cadinox.com\/de\/uber-uns\/einrichtungen-und-ressourcen\/","title":{"rendered":"Einrichtungen und Ressourcen"},"content":{"rendered":"<p>Cadinox verf\u00fcgt \u00fcber eine 9600 m<sup>2<\/sup> gro\u00dfe Anlage, die in 6 Bereiche unterteilt ist: B\u00fcros, Lager\/Schnitt, Kesselbau, Bearbeitung, Endbearbeitung und Reinraum.<\/p>\n<p>Die verschiedenen Bereiche verf\u00fcgen \u00fcber gro\u00dfe Kr\u00e4ne, Drehvorrichtungen und Manipulatoren f\u00fcr die Bewegung von Teilen sowie \u00fcber spezifische Maschinen unterschiedlicher Abmessungen f\u00fcr Projekte unterschiedlicher Gr\u00f6\u00dfe.<\/p>\n<p>Au\u00dferdem gibt es Bereiche mit unterschiedlichem Sauberkeitsgrad und spezielle Maschinen, um Kontaminationen zu vermeiden und die bei jedem Auftrag erforderlichen hygienischen Bedingungen zu gew\u00e4hrleisten.<\/p>","protected":false},"excerpt":{"rendered":"<p>Cadinox verf\u00fcgt \u00fcber eine 9600 m2 gro\u00dfe Anlage, die in 6 Bereiche unterteilt ist: B\u00fcros, Lager\/Schnitt, Kesselbau, Bearbeitung, Endbearbeitung und Reinraum. Die verschiedenen Bereiche [&hellip;]<\/p>\n","protected":false},"author":5,"featured_media":0,"parent":30,"menu_order":0,"comment_status":"closed","ping_status":"closed","template":"","meta":[],"_links":{"self":[{"href":"https:\/\/cadinox.com\/de\/wp-json\/wp\/v2\/pages\/33"}],"collection":[{"href":"https:\/\/cadinox.com\/de\/wp-json\/wp\/v2\/pages"}],"about":[{"href":"https:\/\/cadinox.com\/de\/wp-json\/wp\/v2\/types\/page"}],"author":[{"embeddable":true,"href":"https:\/\/cadinox.com\/de\/wp-json\/wp\/v2\/users\/5"}],"replies":[{"embeddable":true,"href":"https:\/\/cadinox.com\/de\/wp-json\/wp\/v2\/comments?post=33"}],"version-history":[{"count":19,"href":"https:\/\/cadinox.com\/de\/wp-json\/wp\/v2\/pages\/33\/revisions"}],"predecessor-version":[{"id":1302,"href":"https:\/\/cadinox.com\/de\/wp-json\/wp\/v2\/pages\/33\/revisions\/1302"}],"up":[{"embeddable":true,"href":"https:\/\/cadinox.com\/de\/wp-json\/wp\/v2\/pages\/30"}],"wp:attachment":[{"href":"https:\/\/cadinox.com\/de\/wp-json\/wp\/v2\/media?parent=33"}],"curies":[{"name":"wp","href":"https:\/\/api.w.org\/{rel}","templated":true}]}}