{"id":37,"date":"2017-09-23T22:36:50","date_gmt":"2017-09-23T22:36:50","guid":{"rendered":"http:\/\/localhost\/cadinox\/?page_id=37"},"modified":"2020-11-13T08:54:16","modified_gmt":"2020-11-13T08:54:16","slug":"mercados","status":"publish","type":"page","link":"https:\/\/cadinox.com\/de\/uber-uns\/markte\/","title":{"rendered":"M\u00e4rkte"},"content":{"rendered":"<p>CADINOX wurde mit dem Ziel gegr\u00fcndet, eine Antwort auf die Nachfrage der lokalen Papierindustrie zu geben. In den ersten zwei Jahrzehnten waren die Verk\u00e4ufe ausschlie\u00dflich national.<\/p>\n<p>Bereits im dritten Jahrzehnt wurden die geografischen Grenzen \u00fcberschritten und die Anforderungen einiger deutscher Kunden erf\u00fcllt.<\/p>\n<p>Von da an war die Berufung zur \u00dcberwindung geografischer Grenzen in der Strategie von CADINOX immer pr\u00e4sent, so dass der Export heute den nationalen Umsatz \u00fcbersteigt.<\/p>\n<p>Dar\u00fcber hinaus gibt es auch im nationalen Vertrieb einen gewissen Grad an Internationalisierung, da das Endziel vieler dieser Verk\u00e4ufe international ist, was wiederum von uns verlangt, das Projekt so zu managen, als w\u00e4re es ein internationales Projekt.<\/p>","protected":false},"excerpt":{"rendered":"<p>CADINOX wurde mit dem Ziel gegr\u00fcndet, eine Antwort auf die Nachfrage der lokalen Papierindustrie zu geben. In den ersten zwei Jahrzehnten waren die Verk\u00e4ufe [&hellip;]<\/p>\n","protected":false},"author":5,"featured_media":0,"parent":30,"menu_order":0,"comment_status":"closed","ping_status":"closed","template":"","meta":[],"_links":{"self":[{"href":"https:\/\/cadinox.com\/de\/wp-json\/wp\/v2\/pages\/37"}],"collection":[{"href":"https:\/\/cadinox.com\/de\/wp-json\/wp\/v2\/pages"}],"about":[{"href":"https:\/\/cadinox.com\/de\/wp-json\/wp\/v2\/types\/page"}],"author":[{"embeddable":true,"href":"https:\/\/cadinox.com\/de\/wp-json\/wp\/v2\/users\/5"}],"replies":[{"embeddable":true,"href":"https:\/\/cadinox.com\/de\/wp-json\/wp\/v2\/comments?post=37"}],"version-history":[{"count":16,"href":"https:\/\/cadinox.com\/de\/wp-json\/wp\/v2\/pages\/37\/revisions"}],"predecessor-version":[{"id":1425,"href":"https:\/\/cadinox.com\/de\/wp-json\/wp\/v2\/pages\/37\/revisions\/1425"}],"up":[{"embeddable":true,"href":"https:\/\/cadinox.com\/de\/wp-json\/wp\/v2\/pages\/30"}],"wp:attachment":[{"href":"https:\/\/cadinox.com\/de\/wp-json\/wp\/v2\/media?parent=37"}],"curies":[{"name":"wp","href":"https:\/\/api.w.org\/{rel}","templated":true}]}}