{"id":43,"date":"2017-09-23T22:38:13","date_gmt":"2017-09-23T22:38:13","guid":{"rendered":"http:\/\/localhost\/cadinox\/?page_id=43"},"modified":"2021-05-07T07:23:41","modified_gmt":"2021-05-07T07:23:41","slug":"ciencia","status":"publish","type":"page","link":"https:\/\/cadinox.com\/de\/branchen\/wissenschaft\/","title":{"rendered":"Wissenschaft"},"content":{"rendered":"<p>Vor etwas mehr als einem Jahrzehnt stand Cadinox vor einer Herausforderung: W\u00e4ren Sie in der Lage, eine Vakuumkammer herstellen zu k\u00f6nnen? Jahre sp\u00e4ter ist CADINOX in der Welt der wissenschaftlichen Gro\u00dfanlagen eine Realit\u00e4t und exportiert die von seinem Werk in Belauntza entwickelte und produzierte Technologie an Weltmarktf\u00fchrer in diesem Bereich wie die Schweiz (Cern), Frankreich (ILL, ESRF), Gro\u00dfbritannien (ISIS) oder Japan (IFMIF).<\/p>\n<p>Die Erfahrung hat es zu einem Referenzlieferanten f\u00fcr die Durchf\u00fchrung von Projekten mit Teilchenbeschleunigern, Neutronen, Synchrotronen, Fusion, gepulsten Laserzentren, Astrophysik oder Raumfahrt gemacht. In den letzten Jahren hat die Wissenschaft 20% des Umsatzes von Cadinox erwirtschaftet.<\/p>\n<p>Dar\u00fcber hinaus arbeitet CADINOX dank der Dienstleistungsorientierung und der menschlichen, technischen und organisatorischen F\u00e4higkeiten zur Durchf\u00fchrung schl\u00fcsselfertiger Projekte bereits in der Anfangsphase des Designs Seite an Seite mit Teams von Ingenieuren und Wissenschaftlern zusammen, um die Frage zu beantworten, wie man das herstellen kann, was die Wissenschaft braucht, um voran zu kommen.<\/p>","protected":false},"excerpt":{"rendered":"<p>Vor etwas mehr als einem Jahrzehnt stand Cadinox vor einer Herausforderung: W\u00e4ren Sie in der Lage, eine Vakuumkammer herstellen zu k\u00f6nnen? Jahre sp\u00e4ter ist [&hellip;]<\/p>\n","protected":false},"author":5,"featured_media":0,"parent":12,"menu_order":0,"comment_status":"closed","ping_status":"closed","template":"","meta":[],"_links":{"self":[{"href":"https:\/\/cadinox.com\/de\/wp-json\/wp\/v2\/pages\/43"}],"collection":[{"href":"https:\/\/cadinox.com\/de\/wp-json\/wp\/v2\/pages"}],"about":[{"href":"https:\/\/cadinox.com\/de\/wp-json\/wp\/v2\/types\/page"}],"author":[{"embeddable":true,"href":"https:\/\/cadinox.com\/de\/wp-json\/wp\/v2\/users\/5"}],"replies":[{"embeddable":true,"href":"https:\/\/cadinox.com\/de\/wp-json\/wp\/v2\/comments?post=43"}],"version-history":[{"count":14,"href":"https:\/\/cadinox.com\/de\/wp-json\/wp\/v2\/pages\/43\/revisions"}],"predecessor-version":[{"id":1463,"href":"https:\/\/cadinox.com\/de\/wp-json\/wp\/v2\/pages\/43\/revisions\/1463"}],"up":[{"embeddable":true,"href":"https:\/\/cadinox.com\/de\/wp-json\/wp\/v2\/pages\/12"}],"wp:attachment":[{"href":"https:\/\/cadinox.com\/de\/wp-json\/wp\/v2\/media?parent=43"}],"curies":[{"name":"wp","href":"https:\/\/api.w.org\/{rel}","templated":true}]}}