{"id":45,"date":"2017-09-23T22:38:43","date_gmt":"2017-09-23T22:38:43","guid":{"rendered":"http:\/\/localhost\/cadinox\/?page_id=45"},"modified":"2019-11-01T11:10:20","modified_gmt":"2019-11-01T11:10:20","slug":"bombas","status":"publish","type":"page","link":"https:\/\/cadinox.com\/de\/branchen\/hydraulische-pumpenausrustung\/","title":{"rendered":"Hydraulische Pumpenausr\u00fcstung"},"content":{"rendered":"<p>CADINOX ist spezialisiert auf die pr\u00e4zise Herstellung von Hydraulikpumpenanlagen.<\/p>\n<p>Diese hydraulischen Ausr\u00fcstungen arbeiten unter sehr schwierigen Bedingungen, sowohl wegen des Drucks, den sie aushalten, als auch wegen der Korrosion der Fl\u00fcssigkeiten, die sie enthalten, wegen der (hohen oder niedrigen) Betriebstemperaturen oder wegen der angesammelten Erm\u00fcdungserscheinungen als Ergebnis von Zyklen, Vibrationen, etc.<\/p>\n<p>CADINOX zeichnet die Effektivit\u00e4t aus, die durch die Kombination gro\u00dfer Ausma\u00dfe mit hoher Pr\u00e4zision erreicht wird.<br \/>\nMan verf\u00fcgt auch \u00fcber umfangreiche Erfahrung mit verschiedenen Werkstoffen, von einfachen Kohlenstoffst\u00e4hlen und austenitischen Edelst\u00e4hlen bis hin zu komplizierten Fertigungsmaterialien, wie superustenitischen Edelst\u00e4hlen (DUPLEX und SUPERDUPLEX) und anderen exotischeren St\u00e4hlen (Inconel, Monel, etc.).<\/p>","protected":false},"excerpt":{"rendered":"<p>CADINOX ist spezialisiert auf die pr\u00e4zise Herstellung von Hydraulikpumpenanlagen. Diese hydraulischen Ausr\u00fcstungen arbeiten unter sehr schwierigen Bedingungen, sowohl wegen des Drucks, den sie aushalten, [&hellip;]<\/p>\n","protected":false},"author":5,"featured_media":0,"parent":12,"menu_order":0,"comment_status":"closed","ping_status":"closed","template":"","meta":[],"_links":{"self":[{"href":"https:\/\/cadinox.com\/de\/wp-json\/wp\/v2\/pages\/45"}],"collection":[{"href":"https:\/\/cadinox.com\/de\/wp-json\/wp\/v2\/pages"}],"about":[{"href":"https:\/\/cadinox.com\/de\/wp-json\/wp\/v2\/types\/page"}],"author":[{"embeddable":true,"href":"https:\/\/cadinox.com\/de\/wp-json\/wp\/v2\/users\/5"}],"replies":[{"embeddable":true,"href":"https:\/\/cadinox.com\/de\/wp-json\/wp\/v2\/comments?post=45"}],"version-history":[{"count":10,"href":"https:\/\/cadinox.com\/de\/wp-json\/wp\/v2\/pages\/45\/revisions"}],"predecessor-version":[{"id":1309,"href":"https:\/\/cadinox.com\/de\/wp-json\/wp\/v2\/pages\/45\/revisions\/1309"}],"up":[{"embeddable":true,"href":"https:\/\/cadinox.com\/de\/wp-json\/wp\/v2\/pages\/12"}],"wp:attachment":[{"href":"https:\/\/cadinox.com\/de\/wp-json\/wp\/v2\/media?parent=45"}],"curies":[{"name":"wp","href":"https:\/\/api.w.org\/{rel}","templated":true}]}}