{"id":47,"date":"2017-09-23T22:39:02","date_gmt":"2017-09-23T22:39:02","guid":{"rendered":"http:\/\/localhost\/cadinox\/?page_id=47"},"modified":"2019-11-01T11:09:08","modified_gmt":"2019-11-01T11:09:08","slug":"oil-gas","status":"publish","type":"page","link":"https:\/\/cadinox.com\/de\/branchen\/ol-gas\/","title":{"rendered":"\u00d6l &#038; Gas"},"content":{"rendered":"<p>Aufgrund der hohen Temperaturbedingungen und der korrosiven Umgebung bestehen die Produkte in diesem Bereich aus Sonderwerkstoffen, die schwer zu schwei\u00dfen sind: Legierungen, verschiedene austenitische Edelst\u00e4hle (AISI 304H, 310, 310S, 316 Ti, 321 347H&#8230;.) und Schwei\u00dfarbeiten mit Nickel-Chrom-Kobalt-Molybd\u00e4n-Legierungen.<\/p>\n<p>Viele der Teile bestehen aus feuerfesten Materialien mit hohem W\u00e4rmewiderstand und W\u00e4rmedehnungsdecken.<\/p>\n<p>Die Auftragsanforderungen umfassen in der Regel Schwei\u00dfpr\u00fcfungen, Druckpr\u00fcfungen und Feuerfestpr\u00fcfungen.<\/p>","protected":false},"excerpt":{"rendered":"<p>Aufgrund der hohen Temperaturbedingungen und der korrosiven Umgebung bestehen die Produkte in diesem Bereich aus Sonderwerkstoffen, die schwer zu schwei\u00dfen sind: Legierungen, verschiedene austenitische [&hellip;]<\/p>\n","protected":false},"author":5,"featured_media":0,"parent":12,"menu_order":0,"comment_status":"closed","ping_status":"closed","template":"","meta":[],"_links":{"self":[{"href":"https:\/\/cadinox.com\/de\/wp-json\/wp\/v2\/pages\/47"}],"collection":[{"href":"https:\/\/cadinox.com\/de\/wp-json\/wp\/v2\/pages"}],"about":[{"href":"https:\/\/cadinox.com\/de\/wp-json\/wp\/v2\/types\/page"}],"author":[{"embeddable":true,"href":"https:\/\/cadinox.com\/de\/wp-json\/wp\/v2\/users\/5"}],"replies":[{"embeddable":true,"href":"https:\/\/cadinox.com\/de\/wp-json\/wp\/v2\/comments?post=47"}],"version-history":[{"count":12,"href":"https:\/\/cadinox.com\/de\/wp-json\/wp\/v2\/pages\/47\/revisions"}],"predecessor-version":[{"id":1310,"href":"https:\/\/cadinox.com\/de\/wp-json\/wp\/v2\/pages\/47\/revisions\/1310"}],"up":[{"embeddable":true,"href":"https:\/\/cadinox.com\/de\/wp-json\/wp\/v2\/pages\/12"}],"wp:attachment":[{"href":"https:\/\/cadinox.com\/de\/wp-json\/wp\/v2\/media?parent=47"}],"curies":[{"name":"wp","href":"https:\/\/api.w.org\/{rel}","templated":true}]}}