{"id":49,"date":"2017-09-23T22:39:31","date_gmt":"2017-09-23T22:39:31","guid":{"rendered":"http:\/\/localhost\/cadinox\/?page_id=49"},"modified":"2019-11-01T11:08:29","modified_gmt":"2019-11-01T11:08:29","slug":"hidro","status":"publish","type":"page","link":"https:\/\/cadinox.com\/de\/branchen\/hydro\/","title":{"rendered":"Hydro"},"content":{"rendered":"<p>Wir befinden uns in einem Bereich, in dem der Durchfluss der Fl\u00fcssigkeit bei unterschiedlichen Druck- und Str\u00f6mungsbedingungen eine Reihe von Auswirkungen auf das Produkt verursacht, das sie beherbergt: Verschlei\u00df, Turbulenzen, Vakuumeffekte, etc. Diese strukturellen Effekte bringen eine Reihe anspruchsvoller Fertigungsanforderungen mit sich.<\/p>\n<p>Hinzu kommt eine Reihe von Teilen mit komplexen, abgerundeten Formen, schwer zug\u00e4nglichen und mattierten Winkeln, die nur f\u00fcr Kesselschmieden mit guter Ausstattung, langj\u00e4hriger Erfahrung und hochwertiger Verarbeitung geeignet sind.<\/p>\n<p>Cadinox erf\u00fcllt die oben genannten Anforderungen und konnte f\u00fcr eine ganze Reihe von Kunden in diesem Bereich erfolgreich die gesamte Palette der unten aufgef\u00fchrten Teile produzieren.<\/p>","protected":false},"excerpt":{"rendered":"<p>Wir befinden uns in einem Bereich, in dem der Durchfluss der Fl\u00fcssigkeit bei unterschiedlichen Druck- und Str\u00f6mungsbedingungen eine Reihe von Auswirkungen auf das Produkt [&hellip;]<\/p>\n","protected":false},"author":5,"featured_media":0,"parent":12,"menu_order":0,"comment_status":"closed","ping_status":"closed","template":"","meta":[],"_links":{"self":[{"href":"https:\/\/cadinox.com\/de\/wp-json\/wp\/v2\/pages\/49"}],"collection":[{"href":"https:\/\/cadinox.com\/de\/wp-json\/wp\/v2\/pages"}],"about":[{"href":"https:\/\/cadinox.com\/de\/wp-json\/wp\/v2\/types\/page"}],"author":[{"embeddable":true,"href":"https:\/\/cadinox.com\/de\/wp-json\/wp\/v2\/users\/5"}],"replies":[{"embeddable":true,"href":"https:\/\/cadinox.com\/de\/wp-json\/wp\/v2\/comments?post=49"}],"version-history":[{"count":11,"href":"https:\/\/cadinox.com\/de\/wp-json\/wp\/v2\/pages\/49\/revisions"}],"predecessor-version":[{"id":1311,"href":"https:\/\/cadinox.com\/de\/wp-json\/wp\/v2\/pages\/49\/revisions\/1311"}],"up":[{"embeddable":true,"href":"https:\/\/cadinox.com\/de\/wp-json\/wp\/v2\/pages\/12"}],"wp:attachment":[{"href":"https:\/\/cadinox.com\/de\/wp-json\/wp\/v2\/media?parent=49"}],"curies":[{"name":"wp","href":"https:\/\/api.w.org\/{rel}","templated":true}]}}