{"id":51,"date":"2017-09-23T22:39:57","date_gmt":"2017-09-23T22:39:57","guid":{"rendered":"http:\/\/localhost\/cadinox\/?page_id=51"},"modified":"2019-11-01T11:07:49","modified_gmt":"2019-11-01T11:07:49","slug":"papel","status":"publish","type":"page","link":"https:\/\/cadinox.com\/de\/branchen\/papier\/","title":{"rendered":"Papier"},"content":{"rendered":"<p>Bereits in den 1960er Jahren gab es in Gipuzkoa, genauer gesagt in der Region Tolosaldea, eine florierende Papierindustrie. CADINOX hat seine Wurzeln in diesem Umfeld und wurde als Antwort auf die wachsende Nachfrage nach Kesselherstellung in diesem Sektor gegr\u00fcndet.<\/p>\n<p>Innerhalb der Zellstoff- und Papierindustrie ist die Erfahrung von CADINOX sehr umfangreich, denn man stellt sowohl Teile f\u00fcr Maschinen als auch Teile f\u00fcr die Zellstoffaufbereitung her.<\/p>\n<p>Innerhalb der Maschinenteile fertigt CADINOX Strukturteile f\u00fcr den Nass- und Trockenbereich sowie f\u00fcr andere mit komplexeren Geometrien.<\/p>\n<p>In der Vergangenheit wurden alle Rollenspannkonstruktionen im Nassbereich der Papierfabriken komplett aus Edelstahl gefertigt. Mit der Zeit und um Kosten zu sparen, wurde der Hauptk\u00f6rper aus Kohlenstoffstahl gefertigt, der mit Platten und Blechen aus Edelstahl abgedeckt (ausgekleidet) wird.<\/p>\n<p>Unter den komplexen Geometrien ist die Erfahrung mit dem Teile- und Ger\u00e4tekopf der Maschine hervorzuheben, wo zu den anspruchsvollen Ma\u00dftoleranzen die strengen Oberfl\u00e4chenanforderungen hinzukommen.<\/p>\n<p>Innerhalb der Ger\u00e4tefamilie f\u00fcr die Zellstoffaufbereitungsanlagen zeichnen sich folgende Merkmale aus: Zellstoffmischschnecken, Pulper, Beh\u00e4lter und Trichter, Siebe, Zellstoffverteiler, etc.<\/p>","protected":false},"excerpt":{"rendered":"<p>Bereits in den 1960er Jahren gab es in Gipuzkoa, genauer gesagt in der Region Tolosaldea, eine florierende Papierindustrie. CADINOX hat seine Wurzeln in diesem [&hellip;]<\/p>\n","protected":false},"author":5,"featured_media":0,"parent":12,"menu_order":0,"comment_status":"closed","ping_status":"closed","template":"","meta":[],"_links":{"self":[{"href":"https:\/\/cadinox.com\/de\/wp-json\/wp\/v2\/pages\/51"}],"collection":[{"href":"https:\/\/cadinox.com\/de\/wp-json\/wp\/v2\/pages"}],"about":[{"href":"https:\/\/cadinox.com\/de\/wp-json\/wp\/v2\/types\/page"}],"author":[{"embeddable":true,"href":"https:\/\/cadinox.com\/de\/wp-json\/wp\/v2\/users\/5"}],"replies":[{"embeddable":true,"href":"https:\/\/cadinox.com\/de\/wp-json\/wp\/v2\/comments?post=51"}],"version-history":[{"count":12,"href":"https:\/\/cadinox.com\/de\/wp-json\/wp\/v2\/pages\/51\/revisions"}],"predecessor-version":[{"id":1312,"href":"https:\/\/cadinox.com\/de\/wp-json\/wp\/v2\/pages\/51\/revisions\/1312"}],"up":[{"embeddable":true,"href":"https:\/\/cadinox.com\/de\/wp-json\/wp\/v2\/pages\/12"}],"wp:attachment":[{"href":"https:\/\/cadinox.com\/de\/wp-json\/wp\/v2\/media?parent=51"}],"curies":[{"name":"wp","href":"https:\/\/api.w.org\/{rel}","templated":true}]}}