{"id":53,"date":"2017-09-23T22:40:31","date_gmt":"2017-09-23T22:40:31","guid":{"rendered":"http:\/\/localhost\/cadinox\/?page_id=53"},"modified":"2019-11-01T11:07:07","modified_gmt":"2019-11-01T11:07:07","slug":"otros","status":"publish","type":"page","link":"https:\/\/cadinox.com\/de\/branchen\/sonstiges\/","title":{"rendered":"Sonstiges"},"content":{"rendered":"<p>Zahlreiche Industrien im Zusammenhang mit schweren Investitionsg\u00fctern erfordern die mechanisch geschwei\u00dfte Herstellung von gro\u00dfen, pr\u00e4zisen Teilen.<\/p>\n<p>CADINOX hat Ger\u00e4te f\u00fcr die Branchen hergestellt, die auf der folgenden, nicht abgeschlossenen Liste zu finden sind:<\/p>\n<p>&#8211; Luft- und Raumfahrtindustrie<br \/>\n&#8211; Nuklearindustrie<br \/>\n&#8211; Nahrungsmittelindustrie<br \/>\n&#8211; Werkzeugmaschinenindustrie<br \/>\n&#8211; Eisen- und Stahlindustrie<\/p>\n<p>Die Erfahrung, die CADINOX im Laufe der Jahre gesammelt hat, und Tausende von hergestellten Teilen erm\u00f6glichen es CADINOX, dieses Wissen auf jede Branche zu \u00fcbertragen. Ambition und Kreativit\u00e4t bei der Bearbeitung neuer Projekte schaffen die Voraussetzungen f\u00fcr die erfolgreiche Umsetzung von Projekten in neuen Bereichen.<\/p>","protected":false},"excerpt":{"rendered":"<p>Zahlreiche Industrien im Zusammenhang mit schweren Investitionsg\u00fctern erfordern die mechanisch geschwei\u00dfte Herstellung von gro\u00dfen, pr\u00e4zisen Teilen. CADINOX hat Ger\u00e4te f\u00fcr die Branchen hergestellt, die [&hellip;]<\/p>\n","protected":false},"author":5,"featured_media":0,"parent":12,"menu_order":0,"comment_status":"closed","ping_status":"closed","template":"","meta":[],"_links":{"self":[{"href":"https:\/\/cadinox.com\/de\/wp-json\/wp\/v2\/pages\/53"}],"collection":[{"href":"https:\/\/cadinox.com\/de\/wp-json\/wp\/v2\/pages"}],"about":[{"href":"https:\/\/cadinox.com\/de\/wp-json\/wp\/v2\/types\/page"}],"author":[{"embeddable":true,"href":"https:\/\/cadinox.com\/de\/wp-json\/wp\/v2\/users\/5"}],"replies":[{"embeddable":true,"href":"https:\/\/cadinox.com\/de\/wp-json\/wp\/v2\/comments?post=53"}],"version-history":[{"count":14,"href":"https:\/\/cadinox.com\/de\/wp-json\/wp\/v2\/pages\/53\/revisions"}],"predecessor-version":[{"id":1313,"href":"https:\/\/cadinox.com\/de\/wp-json\/wp\/v2\/pages\/53\/revisions\/1313"}],"up":[{"embeddable":true,"href":"https:\/\/cadinox.com\/de\/wp-json\/wp\/v2\/pages\/12"}],"wp:attachment":[{"href":"https:\/\/cadinox.com\/de\/wp-json\/wp\/v2\/media?parent=53"}],"curies":[{"name":"wp","href":"https:\/\/api.w.org\/{rel}","templated":true}]}}