{"id":699,"date":"2018-03-24T17:28:30","date_gmt":"2018-03-24T17:28:30","guid":{"rendered":"http:\/\/cadinox.creactivate.es\/?page_id=699"},"modified":"2019-11-04T18:17:51","modified_gmt":"2019-11-04T18:17:51","slug":"politica-de-privacidad","status":"publish","type":"page","link":"https:\/\/cadinox.com\/en\/privacy-policy\/","title":{"rendered":"Privacy Policy"},"content":{"rendered":"<p>El sitio web cadinox.com es un proyecto de CADINOX, S.A. con NIF A-20076105, domicilio social en Okobio, 32 20.491 Belauntza, Guipuzkoa.<\/p>\n<p>Esta pol\u00edtica de privacidad ha sido actualizada por \u00faltima vez el 24\/03\/2018.<\/p>\n<p>En esta web se asume un compromiso permanente con la privacidad de los datos de suscriptores, contactos, clientes y se garantiza las mejores \u00a0pr\u00e1cticas en el uso de datos de car\u00e1cter personal.<\/p>\n<p>CADINOX se opone al env\u00edo de correos electr\u00f3nicos no solicitados (spam), poniendo todos los esfuerzos para impedir el uso indebido del correo electr\u00f3nico.<\/p>\n<p>Tambi\u00e9n se informa a los usuarios de este sitio que nunca y bajo ninguna circunstancia se compartir\u00e1n \u00a0datos de usuarios obtenidos mediante este portal ni ser\u00e1n cedidos los datos de \u00a0usuarios a terceros, a\u00a0menos que estos hayan sido informados previamente y se cuente con su expresa autorizaci\u00f3n.<\/p>\n<p>La plataforma podr\u00eda contener v\u00ednculos a sitios web de terceros. Si as\u00ed fuera, en ning\u00fan caso nos haremos responsables de las pr\u00e1cticas de protecci\u00f3n de datos ni del contenido de dichos sitios web. Por consiguiente, conviene que lea atentamente las pol\u00edticas de privacidad de cada sitio web antes de aceptar las condiciones y de proceder a su uso.<\/p>\n<p>A efectos de lo previsto en la Ley Org\u00e1nica 15\/1999, de 13 de diciembre, de Protecci\u00f3n de Datos de Car\u00e1cter Personal, sociedad de la informaci\u00f3n y de comercio electr\u00f3nico, se informa de manera clara y transparente los datos del responsable de esta web:<\/p>\n<ul>\n<li>Su proyecto web es cadinox.com<\/li>\n<li>Su denominaci\u00f3n comercial es CADINOX S.A.<\/li>\n<li>Su NIF A-20076105<\/li>\n<li>Su domicilio social est\u00e1 en\u00a0Okobio, 32 20.491 Belauntza, Guipuzkoa<\/li>\n<\/ul>\n<h4>ENVIO Y REGISTRO DE DATOS DE CAR\u00c1CTER PERSONAL<\/h4>\n<p>El env\u00edo de datos de car\u00e1cter personal es obligatorio para contactar y realizar solicitudes \u00a0comerciales con CADINOX . Asimismo, el no facilitar los datos personales solicitados o el no aceptar la presente pol\u00edtica de protecci\u00f3n de datos supone la imposibilidad de procesar las solicitudes realizadas en este portal.<\/p>\n<p><strong>Los supuestos en los que esta web requiere datos personales son:<\/strong><\/p>\n<ul>\n<li>Para realizar consultas a trav\u00e9s del formulario de contacto.<\/li>\n<li>Para solicitar cualquiera de los servicios y\/o productos que ofrecemos.<\/li>\n<\/ul>\n<p><strong>La informaci\u00f3n personal se utilizar\u00e1 de la siguiente manera:<\/strong><\/p>\n<ol>\n<li>Para promocionar los servicios de CADINOX :\u00a0Por ejemplo, si el Usuario deja su informaci\u00f3n personal en alguno de los formularios de contacto, CADINOX puede utilizar esos datos para enviarle informaci\u00f3n sobre sus servicios en el caso de que esta sea solicitada.<\/li>\n<li>Para garantizar el cumplimiento de las condiciones de uso y la ley aplicable. Esto puede incluir desarrollo\u00a0de herramientas y algoritmos\u00a0que ayudan a esta web a garantizar la confidencialidad de los datos personales que recoge.<\/li>\n<li>Para la atenci\u00f3n al cliente y prestar servicios de seguimiento.<\/li>\n<li>Para establecer comunicaci\u00f3n con suscriptores y usuarios.<\/li>\n<li>En cada uno de los casos, como Usuario tendr\u00e1s plenos derechos sobre tus datos personales y sobre el uso de los mismos y podr\u00e1s ejercitarlos en cualquier momento.<\/li>\n<li>En ning\u00fan caso cederemos tus datos a terceros sin informarte previamente y requerirte tu consentimiento.<\/li>\n<\/ol>\n<p><strong>Sistemas de captura de datos personales que recoge esta web<\/strong><\/p>\n<p>Esta web utiliza diferentes sistemas de captura de informaci\u00f3n personal, requiriendo siempre el consentimiento previo de los usuarios para tratar sus datos personales con los fines indicados.<\/p>\n<p>Como Usuario tienes derecho a revocar tu consentimiento previo en cualquier momento.<\/p>\n<p><strong>Sistemas de captura de informaci\u00f3n personal utilizados:<\/strong><\/p>\n<p>Formulario de contacto para sugerencias, consutas o contacto profesional<\/p>\n<p>Cookies: El usuario puede consultar en cualquier momento <u>la pol\u00edtica de cookies<\/u> para ampliar informaci\u00f3n sobre el uso de cookies y c\u00f3mo desactivarlas.<\/p>\n<p>El Usuario garantiza que los datos personales facilitados a trav\u00e9s de los diferentes formularios son veraces, quedando obligado a comunicar cualquier modificaci\u00f3n de los mismos. Igualmente, el Usuario garantiza que toda la informaci\u00f3n facilitada corresponde con su situaci\u00f3n real, que est\u00e1 puesta al d\u00eda y es exacta. Adem\u00e1s, el Usuario se obliga a mantener en todo momento sus datos actualizados, siendo el \u00fanico responsable de la inexactitud o falsedad de los datos facilitados y de los perjuicios que pueda causar por ello a CADINOX como titular de esta web, o a terceros con motivo de la utilizaci\u00f3n de dichos datos.<\/p>\n<h4>EJERCICIO DE LOS DERECHOS DE ACCESO, RECTIFICACI\u00d3N, CANCELACI\u00d3N U OPOSICI\u00d3N (ARCO)<\/h4>\n<p>El usuario podr\u00e1 dirigir sus comunicaciones y ejercitar sus derechos ARCO siguiendo las formalidades impuestas por la Ley Org\u00e1nica 15\/1999, de 13 de diciembre, de Protecci\u00f3n de Datos de Car\u00e1cter Personal y su Reglamento de Desarrollo.<\/p>\n<p>Podr\u00e1 ejercitar sus derechos de acceso, rectificaci\u00f3n, cancelaci\u00f3n y oposici\u00f3n mediante solicitud escrita y firmada en la que se contengan los siguientes datos: nombre y apellidos, domicilio a efectos de notificaciones, junto con prueba v\u00e1lida en derecho, como fotocopia del D.N.I. o equivalente, y la petici\u00f3n en que se concrete la solicitud. El \u00a0escrito deber\u00e1 remitirse a CADINOX S.A., Okobio, 32 20.491 Belauntza, Guipuzkoa.<\/p>\n<h4>ACEPTACI\u00d3N Y CONSENTIMIENTO<\/h4>\n<p>El Usuario declara haber sido informado de las condiciones sobre Protecci\u00f3n de Datos de Car\u00e1cter Personal, aceptando y consintiendo el tratamiento de los mismos por parte de CADINOX y para las finalidades indicadas en la presente Pol\u00edtica de Privacidad.<\/p>\n<h4>CAMBIOS EN LA PRESENTE POL\u00cdTICA DE PRIVACIDAD<\/h4>\n<p>CADINOX se reserva el derecho a modificar la presente pol\u00edtica para adaptarla a novedades legislativas o jurisprudenciales as\u00ed como a pr\u00e1cticas de la industria. En dichos supuestos, el Prestador anunciar\u00e1 en esta p\u00e1gina los cambios introducidos con razonable antelaci\u00f3n a su puesta en pr\u00e1ctica.<\/p>\n<h4>CORREOS COMERCIALES<\/h4>\n<p>De acuerdo con la LSSICE, CADINOX no realiza pr\u00e1cticas de SPAM, por lo que no env\u00eda correos comerciales por v\u00eda electr\u00f3nica que no hayan sido previamente solicitados o autorizados por el Usuario.<\/p>\n","protected":false},"excerpt":{"rendered":"<p>El sitio web cadinox.com es un proyecto de CADINOX, S.A. con NIF A-20076105, domicilio social en Okobio, 32 20.491 Belauntza, Guipuzkoa. Esta pol\u00edtica de [&hellip;]<\/p>\n","protected":false},"author":5,"featured_media":0,"parent":0,"menu_order":0,"comment_status":"closed","ping_status":"closed","template":"","meta":[],"_links":{"self":[{"href":"https:\/\/cadinox.com\/en\/wp-json\/wp\/v2\/pages\/699"}],"collection":[{"href":"https:\/\/cadinox.com\/en\/wp-json\/wp\/v2\/pages"}],"about":[{"href":"https:\/\/cadinox.com\/en\/wp-json\/wp\/v2\/types\/page"}],"author":[{"embeddable":true,"href":"https:\/\/cadinox.com\/en\/wp-json\/wp\/v2\/users\/5"}],"replies":[{"embeddable":true,"href":"https:\/\/cadinox.com\/en\/wp-json\/wp\/v2\/comments?post=699"}],"version-history":[{"count":9,"href":"https:\/\/cadinox.com\/en\/wp-json\/wp\/v2\/pages\/699\/revisions"}],"predecessor-version":[{"id":1321,"href":"https:\/\/cadinox.com\/en\/wp-json\/wp\/v2\/pages\/699\/revisions\/1321"}],"wp:attachment":[{"href":"https:\/\/cadinox.com\/en\/wp-json\/wp\/v2\/media?parent=699"}],"curies":[{"name":"wp","href":"https:\/\/api.w.org\/{rel}","templated":true}]}}