{"id":1112,"date":"2019-06-08T12:45:42","date_gmt":"2019-06-08T12:45:42","guid":{"rendered":"http:\/\/cadinox.creactivate.es\/?page_id=1112"},"modified":"2019-11-01T10:50:09","modified_gmt":"2019-11-01T10:50:09","slug":"code-equipo-directivo-delegados","status":"publish","type":"page","link":"https:\/\/cadinox.com\/fr\/a-propos-de-nous\/equipe-humaine\/code-equipe-directive-delegues\/","title":{"rendered":"CODE (\u00c9quipe directive + D\u00e9l\u00e9gu\u00e9s)"},"content":{"rendered":"<p>Nous sommes un organe de d\u00e9cision sur tous les sujets en relation aux personnes qui font partie de Cadinox.<\/p>\n<p>Une \u00e9quipe form\u00e9e par les 6 membres de l\u2019\u00e9quipe de direction et les 5 d\u00e9l\u00e9gu\u00e9s syndicaux. Tout le monde a la m\u00eame voix et la m\u00eame capacit\u00e9 de d\u00e9cision.<\/p>\n<p>Les objectifs principaux sont ceux de d\u00e9cider sur toutes les politiques de personnes telles que les accords collectifs, la s\u00e9curit\u00e9, les calendriers, les horaires, la flexibilit\u00e9 ou les conditions salariales.<\/p>\n<p>Nous r\u00e9solvons et nous pr\u00e9venons des conflits au sein de l\u2019entreprise et c\u2019est en pensant toujours au gagnant-gagnant de toutes les personnes de l\u2019organisation que nous travaillons.<\/p>\n<p>Nos bases de fonctionnement sont la confiance, le respect et le consensus.<\/p>","protected":false},"excerpt":{"rendered":"<p>Nous sommes un organe de d\u00e9cision sur tous les sujets en relation aux personnes qui font partie de Cadinox. Une \u00e9quipe form\u00e9e par les [&hellip;]<\/p>\n","protected":false},"author":5,"featured_media":1135,"parent":35,"menu_order":0,"comment_status":"closed","ping_status":"closed","template":"","meta":[],"_links":{"self":[{"href":"https:\/\/cadinox.com\/fr\/wp-json\/wp\/v2\/pages\/1112"}],"collection":[{"href":"https:\/\/cadinox.com\/fr\/wp-json\/wp\/v2\/pages"}],"about":[{"href":"https:\/\/cadinox.com\/fr\/wp-json\/wp\/v2\/types\/page"}],"author":[{"embeddable":true,"href":"https:\/\/cadinox.com\/fr\/wp-json\/wp\/v2\/users\/5"}],"replies":[{"embeddable":true,"href":"https:\/\/cadinox.com\/fr\/wp-json\/wp\/v2\/comments?post=1112"}],"version-history":[{"count":5,"href":"https:\/\/cadinox.com\/fr\/wp-json\/wp\/v2\/pages\/1112\/revisions"}],"predecessor-version":[{"id":1299,"href":"https:\/\/cadinox.com\/fr\/wp-json\/wp\/v2\/pages\/1112\/revisions\/1299"}],"up":[{"embeddable":true,"href":"https:\/\/cadinox.com\/fr\/wp-json\/wp\/v2\/pages\/35"}],"wp:featuredmedia":[{"embeddable":true,"href":"https:\/\/cadinox.com\/fr\/wp-json\/wp\/v2\/media\/1135"}],"wp:attachment":[{"href":"https:\/\/cadinox.com\/fr\/wp-json\/wp\/v2\/media?parent=1112"}],"curies":[{"name":"wp","href":"https:\/\/api.w.org\/{rel}","templated":true}]}}