{"id":1124,"date":"2019-06-08T14:43:11","date_gmt":"2019-06-08T14:43:11","guid":{"rendered":"http:\/\/cadinox.creactivate.es\/?page_id=1124"},"modified":"2019-11-01T10:49:05","modified_gmt":"2019-11-01T10:49:05","slug":"equipo-calidad","status":"publish","type":"page","link":"https:\/\/cadinox.com\/fr\/a-propos-de-nous\/equipe-humaine\/qualite\/","title":{"rendered":"Qualit\u00e9"},"content":{"rendered":"<p>Notre mission est d\u2019inspectionner et de v\u00e9rifier de mani\u00e8re ind\u00e9pendante le respect des conditions marqu\u00e9es par le client. Et dans cette ind\u00e9pendance se trouve la cl\u00e9 de notre succ\u00e8s.<\/p>\n<p>Nos fonctions sont:<\/p>\n<ul>\n<li>Analyse de la soudure \u00e0 travers END (essais non destructifs): Liquides p\u00e9n\u00e9trants, particules magn\u00e9tiques, ultrasons<\/li>\n<li>Inspection visuelle<\/li>\n<li>Contr\u00f4le d\u2019\u00e9paisseur, porosit\u00e9, adh\u00e9rence de peinture et d\u2019autres appareils.<\/li>\n<li>Contr\u00f4le dimensionnel (aussi bien \u00e0 travers le Laser tracker 3D comme les outils de m\u00e9dition manuelle)<\/li>\n<li>Mesure de rugosit\u00e9<\/li>\n<li>Essais de Mat\u00e9riaux \u00a0(P.M.I)<\/li>\n<li>Tests de Pression: hydraulique et pneumatiques<\/li>\n<li>Test de Vide, test de fuite, RGA.<\/li>\n<\/ul>\n<p><\/p>","protected":false},"excerpt":{"rendered":"<p>Notre mission est d\u2019inspectionner et de v\u00e9rifier de mani\u00e8re ind\u00e9pendante le respect des conditions marqu\u00e9es par le client. Et dans cette ind\u00e9pendance se trouve [&hellip;]<\/p>\n","protected":false},"author":5,"featured_media":1126,"parent":35,"menu_order":0,"comment_status":"closed","ping_status":"closed","template":"","meta":[],"_links":{"self":[{"href":"https:\/\/cadinox.com\/fr\/wp-json\/wp\/v2\/pages\/1124"}],"collection":[{"href":"https:\/\/cadinox.com\/fr\/wp-json\/wp\/v2\/pages"}],"about":[{"href":"https:\/\/cadinox.com\/fr\/wp-json\/wp\/v2\/types\/page"}],"author":[{"embeddable":true,"href":"https:\/\/cadinox.com\/fr\/wp-json\/wp\/v2\/users\/5"}],"replies":[{"embeddable":true,"href":"https:\/\/cadinox.com\/fr\/wp-json\/wp\/v2\/comments?post=1124"}],"version-history":[{"count":4,"href":"https:\/\/cadinox.com\/fr\/wp-json\/wp\/v2\/pages\/1124\/revisions"}],"predecessor-version":[{"id":1296,"href":"https:\/\/cadinox.com\/fr\/wp-json\/wp\/v2\/pages\/1124\/revisions\/1296"}],"up":[{"embeddable":true,"href":"https:\/\/cadinox.com\/fr\/wp-json\/wp\/v2\/pages\/35"}],"wp:featuredmedia":[{"embeddable":true,"href":"https:\/\/cadinox.com\/fr\/wp-json\/wp\/v2\/media\/1126"}],"wp:attachment":[{"href":"https:\/\/cadinox.com\/fr\/wp-json\/wp\/v2\/media?parent=1124"}],"curies":[{"name":"wp","href":"https:\/\/api.w.org\/{rel}","templated":true}]}}