{"id":1175,"date":"2019-09-22T15:20:32","date_gmt":"2019-09-22T15:20:32","guid":{"rendered":"http:\/\/cadinox.creactivate.es\/?page_id=1175"},"modified":"2019-11-01T10:48:24","modified_gmt":"2019-11-01T10:48:24","slug":"codi-comite-de-direccion","status":"publish","type":"page","link":"https:\/\/cadinox.com\/fr\/a-propos-de-nous\/equipe-humaine\/codi-comite-de-direction\/","title":{"rendered":"CODI (Comit\u00e9 de Direction)"},"content":{"rendered":"<p>Nous sommes l\u2019\u00e9quipe qui met en place la strat\u00e9gie et qui pilote la direction de CADINOX, en \u00e9tablissant des objectifs strat\u00e9giques annuels et en prenant des d\u00e9cisions en fonction des indicateurs. Pour r\u00e9ussir cet objectif, on essaie d\u2019\u00eatre \u00e0 l\u2019\u00e9coute, d\u2019\u00eatre alertes et empathiques.<\/p>\n<p>Nous d\u00e9finissons et nous ex\u00e9cutons \u00e9galement les investissements, en nous chargeant d\u2019adapter la structure organisative et le mod\u00e8le de gestion aux objectifs et aux besoins des personnes que nous faisons partie de Cadinox.<\/p>\n<p>Nous accordons la m\u00eame importance \u00e0 quoi et \u00e0 comment nous le faisons: c\u2019est pourquoi nous d\u00e9cidons par consensus, nous \u00e9coutons, nous communiquons et nous partageons les d\u00e9cisions avec le reste de l\u2019\u00e9quipe CADINOX.<\/p>","protected":false},"excerpt":{"rendered":"<p>Nous sommes l\u2019\u00e9quipe qui met en place la strat\u00e9gie et qui pilote la direction de CADINOX, en \u00e9tablissant des objectifs strat\u00e9giques annuels et en [&hellip;]<\/p>\n","protected":false},"author":5,"featured_media":1177,"parent":35,"menu_order":0,"comment_status":"closed","ping_status":"closed","template":"","meta":[],"_links":{"self":[{"href":"https:\/\/cadinox.com\/fr\/wp-json\/wp\/v2\/pages\/1175"}],"collection":[{"href":"https:\/\/cadinox.com\/fr\/wp-json\/wp\/v2\/pages"}],"about":[{"href":"https:\/\/cadinox.com\/fr\/wp-json\/wp\/v2\/types\/page"}],"author":[{"embeddable":true,"href":"https:\/\/cadinox.com\/fr\/wp-json\/wp\/v2\/users\/5"}],"replies":[{"embeddable":true,"href":"https:\/\/cadinox.com\/fr\/wp-json\/wp\/v2\/comments?post=1175"}],"version-history":[{"count":4,"href":"https:\/\/cadinox.com\/fr\/wp-json\/wp\/v2\/pages\/1175\/revisions"}],"predecessor-version":[{"id":1298,"href":"https:\/\/cadinox.com\/fr\/wp-json\/wp\/v2\/pages\/1175\/revisions\/1298"}],"up":[{"embeddable":true,"href":"https:\/\/cadinox.com\/fr\/wp-json\/wp\/v2\/pages\/35"}],"wp:featuredmedia":[{"embeddable":true,"href":"https:\/\/cadinox.com\/fr\/wp-json\/wp\/v2\/media\/1177"}],"wp:attachment":[{"href":"https:\/\/cadinox.com\/fr\/wp-json\/wp\/v2\/media?parent=1175"}],"curies":[{"name":"wp","href":"https:\/\/api.w.org\/{rel}","templated":true}]}}