{"id":192,"date":"2018-01-10T11:50:49","date_gmt":"2018-01-10T11:50:49","guid":{"rendered":"http:\/\/cadinox.creactivate.es\/?page_id=192"},"modified":"2019-11-01T10:56:27","modified_gmt":"2019-11-01T10:56:27","slug":"equipo-gestores-de-proyecto","status":"publish","type":"page","link":"https:\/\/cadinox.com\/fr\/a-propos-de-nous\/equipe-humaine\/chefs-e-projet\/","title":{"rendered":"Chefs de Projet"},"content":{"rendered":"<p>Nous sommes les interlocuteurs directs avec le client. Notre mission est de comprendre les besoins du client et les traduire en sp\u00e9cifications et proc\u00e9d\u00e9s afin d\u2019obtenir le meilleur r\u00e9sultat possible. Pour cela, il faut que nous parlions le m\u00eame langage technique et \u00e9motionnel que le client et faire tractionner les \u00e9quipes internes.<\/p>","protected":false},"excerpt":{"rendered":"<p>Nous sommes les interlocuteurs directs avec le client. Notre mission est de comprendre les besoins du client et les traduire en sp\u00e9cifications et proc\u00e9d\u00e9s [&hellip;]<\/p>\n","protected":false},"author":5,"featured_media":295,"parent":35,"menu_order":0,"comment_status":"closed","ping_status":"closed","template":"","meta":[],"_links":{"self":[{"href":"https:\/\/cadinox.com\/fr\/wp-json\/wp\/v2\/pages\/192"}],"collection":[{"href":"https:\/\/cadinox.com\/fr\/wp-json\/wp\/v2\/pages"}],"about":[{"href":"https:\/\/cadinox.com\/fr\/wp-json\/wp\/v2\/types\/page"}],"author":[{"embeddable":true,"href":"https:\/\/cadinox.com\/fr\/wp-json\/wp\/v2\/users\/5"}],"replies":[{"embeddable":true,"href":"https:\/\/cadinox.com\/fr\/wp-json\/wp\/v2\/comments?post=192"}],"version-history":[{"count":14,"href":"https:\/\/cadinox.com\/fr\/wp-json\/wp\/v2\/pages\/192\/revisions"}],"predecessor-version":[{"id":1288,"href":"https:\/\/cadinox.com\/fr\/wp-json\/wp\/v2\/pages\/192\/revisions\/1288"}],"up":[{"embeddable":true,"href":"https:\/\/cadinox.com\/fr\/wp-json\/wp\/v2\/pages\/35"}],"wp:featuredmedia":[{"embeddable":true,"href":"https:\/\/cadinox.com\/fr\/wp-json\/wp\/v2\/media\/295"}],"wp:attachment":[{"href":"https:\/\/cadinox.com\/fr\/wp-json\/wp\/v2\/media?parent=192"}],"curies":[{"name":"wp","href":"https:\/\/api.w.org\/{rel}","templated":true}]}}