{"id":195,"date":"2018-01-10T11:54:24","date_gmt":"2018-01-10T11:54:24","guid":{"rendered":"http:\/\/cadinox.creactivate.es\/?page_id=195"},"modified":"2019-11-01T10:55:31","modified_gmt":"2019-11-01T10:55:31","slug":"equipo-corte","status":"publish","type":"page","link":"https:\/\/cadinox.com\/fr\/a-propos-de-nous\/equipe-humaine\/decoupe\/","title":{"rendered":"D\u00e9coupe"},"content":{"rendered":"<p>Nous sommes 3 personnes et nous combinons \u00e0 la fois l\u2019exp\u00e9rience et la cr\u00e9ativit\u00e9. Notre mission est de servir le mat\u00e9riel d\u00e9coup\u00e9 dans les meilleures conditions au conforme et les chaudronneurs\/monteurs, conscients de l\u2019importante de la d\u00e9coupe et la pr\u00e9paration de bords pour la qualit\u00e9 finale du produit. Nos fonctions sont:<\/p>\n<ul>\n<li>R\u00e9ception et classement de mat\u00e9riaux.<\/li>\n<li>D\u00e9coupe dans la machine de HD plasma, oxyd\u00e9coupe ou cisaille.<\/li>\n<li>D\u00e9coupe en biseau.<\/li>\n<li>Pr\u00e9paration de mat\u00e9riaux en plateaux par ordres de fabrication.<\/li>\n<\/ul>\n<p><\/p>","protected":false},"excerpt":{"rendered":"<p>Nous sommes 3 personnes et nous combinons \u00e0 la fois l\u2019exp\u00e9rience et la cr\u00e9ativit\u00e9. Notre mission est de servir le mat\u00e9riel d\u00e9coup\u00e9 dans les [&hellip;]<\/p>\n","protected":false},"author":5,"featured_media":673,"parent":35,"menu_order":0,"comment_status":"closed","ping_status":"closed","template":"","meta":[],"_links":{"self":[{"href":"https:\/\/cadinox.com\/fr\/wp-json\/wp\/v2\/pages\/195"}],"collection":[{"href":"https:\/\/cadinox.com\/fr\/wp-json\/wp\/v2\/pages"}],"about":[{"href":"https:\/\/cadinox.com\/fr\/wp-json\/wp\/v2\/types\/page"}],"author":[{"embeddable":true,"href":"https:\/\/cadinox.com\/fr\/wp-json\/wp\/v2\/users\/5"}],"replies":[{"embeddable":true,"href":"https:\/\/cadinox.com\/fr\/wp-json\/wp\/v2\/comments?post=195"}],"version-history":[{"count":7,"href":"https:\/\/cadinox.com\/fr\/wp-json\/wp\/v2\/pages\/195\/revisions"}],"predecessor-version":[{"id":1290,"href":"https:\/\/cadinox.com\/fr\/wp-json\/wp\/v2\/pages\/195\/revisions\/1290"}],"up":[{"embeddable":true,"href":"https:\/\/cadinox.com\/fr\/wp-json\/wp\/v2\/pages\/35"}],"wp:featuredmedia":[{"embeddable":true,"href":"https:\/\/cadinox.com\/fr\/wp-json\/wp\/v2\/media\/673"}],"wp:attachment":[{"href":"https:\/\/cadinox.com\/fr\/wp-json\/wp\/v2\/media?parent=195"}],"curies":[{"name":"wp","href":"https:\/\/api.w.org\/{rel}","templated":true}]}}