{"id":197,"date":"2018-01-10T11:55:13","date_gmt":"2018-01-10T11:55:13","guid":{"rendered":"http:\/\/cadinox.creactivate.es\/?page_id=197"},"modified":"2019-11-01T10:54:38","modified_gmt":"2019-11-01T10:54:38","slug":"equipo-conformado","status":"publish","type":"page","link":"https:\/\/cadinox.com\/fr\/a-propos-de-nous\/equipe-humaine\/formage\/","title":{"rendered":"Formage"},"content":{"rendered":"<p>M\u00eame si nous utilisons des machines, il s\u2019agit d\u2019un travail pour sp\u00e9cialistes, o\u00f9 la pratique que nous acqu\u00e9rons pendant des ann\u00e9es permet la r\u00e9alisation \u201cartisanale\u00a0\u00bb de diff\u00e9rentes formes. Voil\u00e0 notre mission, donner forme et passer du 2D au 3D.<\/p>\n<p>Nos fonctions sont:<\/p>\n<ul>\n<li>Donner forme \u00e0 des viroles, des c\u00f4nes, des profil\u00e9s et tout type de forme en g\u00e9n\u00e9ral.<\/li>\n<li>D\u00e9couper des entr\u00e9es, \u00e9liminer les ar\u00eates et ajuster les raccordements.<\/li>\n<\/ul>\n<p><\/p>","protected":false},"excerpt":{"rendered":"<p>M\u00eame si nous utilisons des machines, il s\u2019agit d\u2019un travail pour sp\u00e9cialistes, o\u00f9 la pratique que nous acqu\u00e9rons pendant des ann\u00e9es permet la r\u00e9alisation [&hellip;]<\/p>\n","protected":false},"author":5,"featured_media":956,"parent":35,"menu_order":0,"comment_status":"closed","ping_status":"closed","template":"","meta":[],"_links":{"self":[{"href":"https:\/\/cadinox.com\/fr\/wp-json\/wp\/v2\/pages\/197"}],"collection":[{"href":"https:\/\/cadinox.com\/fr\/wp-json\/wp\/v2\/pages"}],"about":[{"href":"https:\/\/cadinox.com\/fr\/wp-json\/wp\/v2\/types\/page"}],"author":[{"embeddable":true,"href":"https:\/\/cadinox.com\/fr\/wp-json\/wp\/v2\/users\/5"}],"replies":[{"embeddable":true,"href":"https:\/\/cadinox.com\/fr\/wp-json\/wp\/v2\/comments?post=197"}],"version-history":[{"count":8,"href":"https:\/\/cadinox.com\/fr\/wp-json\/wp\/v2\/pages\/197\/revisions"}],"predecessor-version":[{"id":1291,"href":"https:\/\/cadinox.com\/fr\/wp-json\/wp\/v2\/pages\/197\/revisions\/1291"}],"up":[{"embeddable":true,"href":"https:\/\/cadinox.com\/fr\/wp-json\/wp\/v2\/pages\/35"}],"wp:featuredmedia":[{"embeddable":true,"href":"https:\/\/cadinox.com\/fr\/wp-json\/wp\/v2\/media\/956"}],"wp:attachment":[{"href":"https:\/\/cadinox.com\/fr\/wp-json\/wp\/v2\/media?parent=197"}],"curies":[{"name":"wp","href":"https:\/\/api.w.org\/{rel}","templated":true}]}}