{"id":199,"date":"2018-01-10T11:56:20","date_gmt":"2018-01-10T11:56:20","guid":{"rendered":"http:\/\/cadinox.creactivate.es\/?page_id=199"},"modified":"2019-11-01T10:53:55","modified_gmt":"2019-11-01T10:53:55","slug":"equipo-montaje","status":"publish","type":"page","link":"https:\/\/cadinox.com\/fr\/a-propos-de-nous\/equipe-humaine\/montage\/","title":{"rendered":"Montage"},"content":{"rendered":"<p>Nous sommes 14 chaudronneurs dont la mission est d\u2019unir tous les composants pour cr\u00e9er la pi\u00e8ce exactement telle qu\u2019elle a \u00e9t\u00e9 dessin\u00e9e sur le plan, la laissant sur le point du processus de soudure. ok<\/p>\n<p>Nos fonctions sont:<\/p>\n<ul>\n<li>Interpr\u00e9ter correctement des plans et des feuilles de route.<\/li>\n<li>Placer de mani\u00e8re pr\u00e9cise les composants et les pointer en utilisant diff\u00e9rentes techniques pour les r\u00e9f\u00e9rences des mesures.<\/li>\n<li>Pr\u00e9calculer les dilatations \/ contractions de la soudure, ainsi que les valeurs de parall\u00e9lisme, concentricit\u00e9, perpendicularit\u00e9 et plan\u00e9it\u00e9.<\/li>\n<li>Garder \u00e0 l\u2019esprit la mesure finale et les exc\u00e8s n\u00e9cessaires pour l\u2019usinage.<\/li>\n<\/ul>\n<p><\/p>","protected":false},"excerpt":{"rendered":"<p>Nous sommes 14 chaudronneurs dont la mission est d\u2019unir tous les composants pour cr\u00e9er la pi\u00e8ce exactement telle qu\u2019elle a \u00e9t\u00e9 dessin\u00e9e sur le [&hellip;]<\/p>\n","protected":false},"author":5,"featured_media":1117,"parent":35,"menu_order":0,"comment_status":"closed","ping_status":"closed","template":"","meta":[],"_links":{"self":[{"href":"https:\/\/cadinox.com\/fr\/wp-json\/wp\/v2\/pages\/199"}],"collection":[{"href":"https:\/\/cadinox.com\/fr\/wp-json\/wp\/v2\/pages"}],"about":[{"href":"https:\/\/cadinox.com\/fr\/wp-json\/wp\/v2\/types\/page"}],"author":[{"embeddable":true,"href":"https:\/\/cadinox.com\/fr\/wp-json\/wp\/v2\/users\/5"}],"replies":[{"embeddable":true,"href":"https:\/\/cadinox.com\/fr\/wp-json\/wp\/v2\/comments?post=199"}],"version-history":[{"count":7,"href":"https:\/\/cadinox.com\/fr\/wp-json\/wp\/v2\/pages\/199\/revisions"}],"predecessor-version":[{"id":1292,"href":"https:\/\/cadinox.com\/fr\/wp-json\/wp\/v2\/pages\/199\/revisions\/1292"}],"up":[{"embeddable":true,"href":"https:\/\/cadinox.com\/fr\/wp-json\/wp\/v2\/pages\/35"}],"wp:featuredmedia":[{"embeddable":true,"href":"https:\/\/cadinox.com\/fr\/wp-json\/wp\/v2\/media\/1117"}],"wp:attachment":[{"href":"https:\/\/cadinox.com\/fr\/wp-json\/wp\/v2\/media?parent=199"}],"curies":[{"name":"wp","href":"https:\/\/api.w.org\/{rel}","templated":true}]}}