{"id":201,"date":"2018-01-10T11:57:17","date_gmt":"2018-01-10T11:57:17","guid":{"rendered":"http:\/\/cadinox.creactivate.es\/?page_id=201"},"modified":"2019-11-01T10:53:16","modified_gmt":"2019-11-01T10:53:16","slug":"equipo-soldadura","status":"publish","type":"page","link":"https:\/\/cadinox.com\/fr\/a-propos-de-nous\/equipe-humaine\/soudure\/","title":{"rendered":"Soudure"},"content":{"rendered":"<p>Nous sommes 16 soudeurs et notre mission est d\u2019unir les pi\u00e8ces si bien qu\u2019elles aient les m\u00eames propri\u00e9t\u00e9s m\u00e9caniques que le mat\u00e9riel de d\u00e9part.<\/p>\n<p>Nos fonctions sont:<\/p>\n<ul>\n<li>Souder les unions en respectant les indications de la feuille de route et les sp\u00e9cifications du Welding Book, P.Q.R. et W.P.S.<\/li>\n<li>Contr\u00f4ler les valeurs d\u2019apportation et de vitesse pour obtenir des cordons homog\u00e8nes avec absence d\u2019imperfections.<\/li>\n<li>Meulages de finition ou de forme.<\/li>\n<li>Garantir le plus petit claquage et d\u00e9formation possibles.<\/li>\n<\/ul>\n<p><\/p>","protected":false},"excerpt":{"rendered":"<p>Nous sommes 16 soudeurs et notre mission est d\u2019unir les pi\u00e8ces si bien qu\u2019elles aient les m\u00eames propri\u00e9t\u00e9s m\u00e9caniques que le mat\u00e9riel de d\u00e9part. [&hellip;]<\/p>\n","protected":false},"author":5,"featured_media":955,"parent":35,"menu_order":0,"comment_status":"closed","ping_status":"closed","template":"","meta":[],"_links":{"self":[{"href":"https:\/\/cadinox.com\/fr\/wp-json\/wp\/v2\/pages\/201"}],"collection":[{"href":"https:\/\/cadinox.com\/fr\/wp-json\/wp\/v2\/pages"}],"about":[{"href":"https:\/\/cadinox.com\/fr\/wp-json\/wp\/v2\/types\/page"}],"author":[{"embeddable":true,"href":"https:\/\/cadinox.com\/fr\/wp-json\/wp\/v2\/users\/5"}],"replies":[{"embeddable":true,"href":"https:\/\/cadinox.com\/fr\/wp-json\/wp\/v2\/comments?post=201"}],"version-history":[{"count":8,"href":"https:\/\/cadinox.com\/fr\/wp-json\/wp\/v2\/pages\/201\/revisions"}],"predecessor-version":[{"id":1293,"href":"https:\/\/cadinox.com\/fr\/wp-json\/wp\/v2\/pages\/201\/revisions\/1293"}],"up":[{"embeddable":true,"href":"https:\/\/cadinox.com\/fr\/wp-json\/wp\/v2\/pages\/35"}],"wp:featuredmedia":[{"embeddable":true,"href":"https:\/\/cadinox.com\/fr\/wp-json\/wp\/v2\/media\/955"}],"wp:attachment":[{"href":"https:\/\/cadinox.com\/fr\/wp-json\/wp\/v2\/media?parent=201"}],"curies":[{"name":"wp","href":"https:\/\/api.w.org\/{rel}","templated":true}]}}