{"id":205,"date":"2018-01-10T11:58:54","date_gmt":"2018-01-10T11:58:54","guid":{"rendered":"http:\/\/cadinox.creactivate.es\/?page_id=205"},"modified":"2019-11-01T10:51:38","modified_gmt":"2019-11-01T10:51:38","slug":"equipo-acabado","status":"publish","type":"page","link":"https:\/\/cadinox.com\/fr\/a-propos-de-nous\/equipe-humaine\/finition\/","title":{"rendered":"Finition"},"content":{"rendered":"<p>Nous sommes 6 personnes dans l\u2019\u00e9quipe de finition. Notre mission est de restaurer et de pourvoir aux pi\u00e8ces les propri\u00e9t\u00e9s superficielles requises.<\/p>\n<p>Pour cela, nos fonctions sont:<\/p>\n<ul>\n<li>Grenaillage d\u2019acier au carbone<\/li>\n<li>Sablage d\u2019acier inoxydable<\/li>\n<li>Peinture<\/li>\n<li>Polissage<\/li>\n<li>Marquage<\/li>\n<li>Emballage<\/li>\n<\/ul>\n<p><\/p>","protected":false},"excerpt":{"rendered":"<p>Nous sommes 6 personnes dans l\u2019\u00e9quipe de finition. Notre mission est de restaurer et de pourvoir aux pi\u00e8ces les propri\u00e9t\u00e9s superficielles requises. Pour cela, [&hellip;]<\/p>\n","protected":false},"author":5,"featured_media":1122,"parent":35,"menu_order":0,"comment_status":"closed","ping_status":"closed","template":"","meta":[],"_links":{"self":[{"href":"https:\/\/cadinox.com\/fr\/wp-json\/wp\/v2\/pages\/205"}],"collection":[{"href":"https:\/\/cadinox.com\/fr\/wp-json\/wp\/v2\/pages"}],"about":[{"href":"https:\/\/cadinox.com\/fr\/wp-json\/wp\/v2\/types\/page"}],"author":[{"embeddable":true,"href":"https:\/\/cadinox.com\/fr\/wp-json\/wp\/v2\/users\/5"}],"replies":[{"embeddable":true,"href":"https:\/\/cadinox.com\/fr\/wp-json\/wp\/v2\/comments?post=205"}],"version-history":[{"count":10,"href":"https:\/\/cadinox.com\/fr\/wp-json\/wp\/v2\/pages\/205\/revisions"}],"predecessor-version":[{"id":1295,"href":"https:\/\/cadinox.com\/fr\/wp-json\/wp\/v2\/pages\/205\/revisions\/1295"}],"up":[{"embeddable":true,"href":"https:\/\/cadinox.com\/fr\/wp-json\/wp\/v2\/pages\/35"}],"wp:featuredmedia":[{"embeddable":true,"href":"https:\/\/cadinox.com\/fr\/wp-json\/wp\/v2\/media\/1122"}],"wp:attachment":[{"href":"https:\/\/cadinox.com\/fr\/wp-json\/wp\/v2\/media?parent=205"}],"curies":[{"name":"wp","href":"https:\/\/api.w.org\/{rel}","templated":true}]}}