{"id":207,"date":"2018-01-10T11:59:42","date_gmt":"2018-01-10T11:59:42","guid":{"rendered":"http:\/\/cadinox.creactivate.es\/?page_id=207"},"modified":"2019-11-01T10:50:56","modified_gmt":"2019-11-01T10:50:56","slug":"equipo-administracion","status":"publish","type":"page","link":"https:\/\/cadinox.com\/fr\/a-propos-de-nous\/equipe-humaine\/equipe-de-soutien\/","title":{"rendered":"\u00c9quipe de soutien"},"content":{"rendered":"<p>Nous sommes commerciaux, acheteurs, administratifs et chefs de projet et nous offrons tout notre soutien aux \u00e9quipes op\u00e9rationnelles. D\u2019un c\u00f4t\u00e9, nous faisons face aux besoins quotidiens. Nous sommes aussi inquiets et nous pratiquons cet exercice tellement g\u00eanant qui est le changement en dirigeant l\u2019organisation vers de nouveaux horizons.<\/p>","protected":false},"excerpt":{"rendered":"<p>Nous sommes commerciaux, acheteurs, administratifs et chefs de projet et nous offrons tout notre soutien aux \u00e9quipes op\u00e9rationnelles. D\u2019un c\u00f4t\u00e9, nous faisons face aux [&hellip;]<\/p>\n","protected":false},"author":5,"featured_media":953,"parent":35,"menu_order":0,"comment_status":"closed","ping_status":"closed","template":"","meta":[],"_links":{"self":[{"href":"https:\/\/cadinox.com\/fr\/wp-json\/wp\/v2\/pages\/207"}],"collection":[{"href":"https:\/\/cadinox.com\/fr\/wp-json\/wp\/v2\/pages"}],"about":[{"href":"https:\/\/cadinox.com\/fr\/wp-json\/wp\/v2\/types\/page"}],"author":[{"embeddable":true,"href":"https:\/\/cadinox.com\/fr\/wp-json\/wp\/v2\/users\/5"}],"replies":[{"embeddable":true,"href":"https:\/\/cadinox.com\/fr\/wp-json\/wp\/v2\/comments?post=207"}],"version-history":[{"count":8,"href":"https:\/\/cadinox.com\/fr\/wp-json\/wp\/v2\/pages\/207\/revisions"}],"predecessor-version":[{"id":1297,"href":"https:\/\/cadinox.com\/fr\/wp-json\/wp\/v2\/pages\/207\/revisions\/1297"}],"up":[{"embeddable":true,"href":"https:\/\/cadinox.com\/fr\/wp-json\/wp\/v2\/pages\/35"}],"wp:featuredmedia":[{"embeddable":true,"href":"https:\/\/cadinox.com\/fr\/wp-json\/wp\/v2\/media\/953"}],"wp:attachment":[{"href":"https:\/\/cadinox.com\/fr\/wp-json\/wp\/v2\/media?parent=207"}],"curies":[{"name":"wp","href":"https:\/\/api.w.org\/{rel}","templated":true}]}}