{"id":21,"date":"2017-09-23T22:20:52","date_gmt":"2017-09-23T22:20:52","guid":{"rendered":"http:\/\/localhost\/cadinox\/?page_id=21"},"modified":"2019-11-01T11:03:58","modified_gmt":"2019-11-01T11:03:58","slug":"historia-y-evolucion","status":"publish","type":"page","link":"https:\/\/cadinox.com\/fr\/a-propos-de-nous\/histoire-et-evolution\/","title":{"rendered":"HISTOIRE ET \u00c9VOLUTION"},"content":{"rendered":"<p>Cadinox, S.A. est une entreprise familiale fond\u00e9e en 1966 gr\u00e2ce au caract\u00e8re entreprenant et la vocation de service de ses fondateurs, Antonio Artola y Agust\u00edn Isasti.<\/p>\n<p>\u00c9tant tout au d\u00e9but un atelier qui fournissait des pi\u00e8ces \u00e0 l\u2019industrie du papier locale, elle devenue aujourd\u2019hui une entreprise offrant des solutions m\u00e9cano-soud\u00e9es pour des installations complexes et singuli\u00e8res.<\/p>\n<p>Une entreprise agile et moderne dont la strat\u00e9gie est bas\u00e9e sur:<\/p>\n<ul>\n<li>La proximit\u00e9 envers le client, propre d\u2019une entreprise familiale<\/li>\n<li>La diversification g\u00e9ograhique et sectorielle, exportant plus de 50% \u00e0 4 continents<\/li>\n<li>La sp\u00e9cialisation en niches de march\u00e9 exigeants du point de vue technique et organisationnel.<\/li>\n<li>L\u2019int\u00e9gration de processus et de solutions additionnelles en augmentant le savoir et la valeur ajout\u00e9e apport\u00e9e.<\/li>\n<li>L\u2019innovation dans le mod\u00e8le de gestion, o\u00f9 les personnes prennent tout le protagonisme.<\/li>\n<\/ul>\n<p>Les valeurs sur lesquelles est bas\u00e9e cette culture sont: la qualit\u00e9, la fiabilit\u00e9, la r\u00e9solution, la cr\u00e9ativit\u00e9, l\u2019audace et le travail en \u00e9quipe.<\/p>","protected":false},"excerpt":{"rendered":"<p>Cadinox, S.A. est une entreprise familiale fond\u00e9e en 1966 gr\u00e2ce au caract\u00e8re entreprenant et la vocation de service de ses fondateurs, Antonio Artola y [&hellip;]<\/p>\n","protected":false},"author":5,"featured_media":0,"parent":30,"menu_order":0,"comment_status":"closed","ping_status":"closed","template":"","meta":[],"_links":{"self":[{"href":"https:\/\/cadinox.com\/fr\/wp-json\/wp\/v2\/pages\/21"}],"collection":[{"href":"https:\/\/cadinox.com\/fr\/wp-json\/wp\/v2\/pages"}],"about":[{"href":"https:\/\/cadinox.com\/fr\/wp-json\/wp\/v2\/types\/page"}],"author":[{"embeddable":true,"href":"https:\/\/cadinox.com\/fr\/wp-json\/wp\/v2\/users\/5"}],"replies":[{"embeddable":true,"href":"https:\/\/cadinox.com\/fr\/wp-json\/wp\/v2\/comments?post=21"}],"version-history":[{"count":21,"href":"https:\/\/cadinox.com\/fr\/wp-json\/wp\/v2\/pages\/21\/revisions"}],"predecessor-version":[{"id":1270,"href":"https:\/\/cadinox.com\/fr\/wp-json\/wp\/v2\/pages\/21\/revisions\/1270"}],"up":[{"embeddable":true,"href":"https:\/\/cadinox.com\/fr\/wp-json\/wp\/v2\/pages\/30"}],"wp:attachment":[{"href":"https:\/\/cadinox.com\/fr\/wp-json\/wp\/v2\/media?parent=21"}],"curies":[{"name":"wp","href":"https:\/\/api.w.org\/{rel}","templated":true}]}}