{"id":25,"date":"2017-09-23T22:22:00","date_gmt":"2017-09-23T22:22:00","guid":{"rendered":"http:\/\/localhost\/cadinox\/?page_id=25"},"modified":"2019-11-01T11:19:17","modified_gmt":"2019-11-01T11:19:17","slug":"actividad","status":"publish","type":"page","link":"https:\/\/cadinox.com\/fr\/a-propos-de-nous\/activite\/","title":{"rendered":"Activit\u00e9"},"content":{"rendered":"<p>CADINOX est une entreprise consacr\u00e9e \u00e0 la fabrication m\u00e9canosoud\u00e9e d\u2019\u00e9quipements critiques de grande pr\u00e9cision et taille qui fonctionnent dans des environnements complexes et singuliers.<\/p>\n<p>Gr\u00e2ce \u00e0 l\u2019exp\u00e9rience cumul\u00e9e, elle offre en plus des services compl\u00e9mentaires, entre autres, du dessin au d\u00e9tail, inspection et contr\u00f4le de processus, essais et assitance en mat\u00e9riaux et processus.<\/p>\n<p>C\u2019est ainsi qu\u2019elle devient un gestionnaire int\u00e9gral de ses projets d\u2019ing\u00e9nierie m\u00e9canique, en consid\u00e9rant chaque projet unique.<\/p>\n<p>Et tout cela sous le concept U1R= UNDER ONE ROOF: fabrication int\u00e9grale dans les installations de CADINOX.<\/p>\n<p>Cadinox dispose de la capacit\u00e9 et de l\u2019exp\u00e9rience de fabriquer en respectant plusieurs normes et directives internationales:<\/p>","protected":false},"excerpt":{"rendered":"<p>CADINOX est une entreprise consacr\u00e9e \u00e0 la fabrication m\u00e9canosoud\u00e9e d\u2019\u00e9quipements critiques de grande pr\u00e9cision et taille qui fonctionnent dans des environnements complexes et singuliers. [&hellip;]<\/p>\n","protected":false},"author":5,"featured_media":0,"parent":30,"menu_order":0,"comment_status":"closed","ping_status":"closed","template":"","meta":[],"_links":{"self":[{"href":"https:\/\/cadinox.com\/fr\/wp-json\/wp\/v2\/pages\/25"}],"collection":[{"href":"https:\/\/cadinox.com\/fr\/wp-json\/wp\/v2\/pages"}],"about":[{"href":"https:\/\/cadinox.com\/fr\/wp-json\/wp\/v2\/types\/page"}],"author":[{"embeddable":true,"href":"https:\/\/cadinox.com\/fr\/wp-json\/wp\/v2\/users\/5"}],"replies":[{"embeddable":true,"href":"https:\/\/cadinox.com\/fr\/wp-json\/wp\/v2\/comments?post=25"}],"version-history":[{"count":20,"href":"https:\/\/cadinox.com\/fr\/wp-json\/wp\/v2\/pages\/25\/revisions"}],"predecessor-version":[{"id":1301,"href":"https:\/\/cadinox.com\/fr\/wp-json\/wp\/v2\/pages\/25\/revisions\/1301"}],"up":[{"embeddable":true,"href":"https:\/\/cadinox.com\/fr\/wp-json\/wp\/v2\/pages\/30"}],"wp:attachment":[{"href":"https:\/\/cadinox.com\/fr\/wp-json\/wp\/v2\/media?parent=25"}],"curies":[{"name":"wp","href":"https:\/\/api.w.org\/{rel}","templated":true}]}}