{"id":33,"date":"2017-09-23T22:35:33","date_gmt":"2017-09-23T22:35:33","guid":{"rendered":"http:\/\/localhost\/cadinox\/?page_id=33"},"modified":"2019-11-01T10:57:33","modified_gmt":"2019-11-01T10:57:33","slug":"instalaciones-y-recursos","status":"publish","type":"page","link":"https:\/\/cadinox.com\/fr\/a-propos-de-nous\/installations-et-ressources\/","title":{"rendered":"Installations et ressources"},"content":{"rendered":"<p>Cadinox dispose d\u2019un entrep\u00f4t industriel de 9.600 m<sup>2<\/sup> divis\u00e9 en 6 parties: les bureaux, entrep\u00f4t\/d\u00e9coupe, chaudronnerie, finition, usinage et salle propre.<\/p>\n<p>Les diff\u00e9rentes parties ont de grandes grues, des vireurs et des manipulateurs pour le mouvement des pi\u00e8ces ainsi que des machines sp\u00e9cifiques de plusieurs tailles pour aborder des projets de diff\u00e9rente envergure.<\/p>\n<p>Il existe aussi des zones avec diff\u00e9rents degr\u00e9s de propret\u00e9 et des machines sp\u00e9cifiques pour \u00e9viter des contaminations et garantir les conditions hygi\u00e9niques requises dans chaque travail.<\/p>","protected":false},"excerpt":{"rendered":"<p>Cadinox dispose d\u2019un entrep\u00f4t industriel de 9.600 m2 divis\u00e9 en 6 parties: les bureaux, entrep\u00f4t\/d\u00e9coupe, chaudronnerie, finition, usinage et salle propre. Les diff\u00e9rentes parties [&hellip;]<\/p>\n","protected":false},"author":5,"featured_media":0,"parent":30,"menu_order":0,"comment_status":"closed","ping_status":"closed","template":"","meta":[],"_links":{"self":[{"href":"https:\/\/cadinox.com\/fr\/wp-json\/wp\/v2\/pages\/33"}],"collection":[{"href":"https:\/\/cadinox.com\/fr\/wp-json\/wp\/v2\/pages"}],"about":[{"href":"https:\/\/cadinox.com\/fr\/wp-json\/wp\/v2\/types\/page"}],"author":[{"embeddable":true,"href":"https:\/\/cadinox.com\/fr\/wp-json\/wp\/v2\/users\/5"}],"replies":[{"embeddable":true,"href":"https:\/\/cadinox.com\/fr\/wp-json\/wp\/v2\/comments?post=33"}],"version-history":[{"count":19,"href":"https:\/\/cadinox.com\/fr\/wp-json\/wp\/v2\/pages\/33\/revisions"}],"predecessor-version":[{"id":1302,"href":"https:\/\/cadinox.com\/fr\/wp-json\/wp\/v2\/pages\/33\/revisions\/1302"}],"up":[{"embeddable":true,"href":"https:\/\/cadinox.com\/fr\/wp-json\/wp\/v2\/pages\/30"}],"wp:attachment":[{"href":"https:\/\/cadinox.com\/fr\/wp-json\/wp\/v2\/media?parent=33"}],"curies":[{"name":"wp","href":"https:\/\/api.w.org\/{rel}","templated":true}]}}