{"id":35,"date":"2017-09-23T22:36:12","date_gmt":"2017-09-23T22:36:12","guid":{"rendered":"http:\/\/localhost\/cadinox\/?page_id=35"},"modified":"2019-11-01T10:47:02","modified_gmt":"2019-11-01T10:47:02","slug":"equipo-humano","status":"publish","type":"page","link":"https:\/\/cadinox.com\/fr\/a-propos-de-nous\/equipe-humaine\/","title":{"rendered":"\u00c9quipe humaine"},"content":{"rendered":"<p>Nous sommes 80 personnes engag\u00e9es et align\u00e9es autour d\u2019un projet commun.<\/p>\n<p>Conscients de nos diff\u00e9rences, nous avons besoin de nous compl\u00e9menter pour donner notre meilleure version, celle que nous r\u00e9ussissons \u00e0 avoir quand nous travaillons en \u00e9quipe.<\/p>\n<p>Et sur le chemin, nous apprenons de nos r\u00e9ussites mais encore plus de nos erreurs, c\u2019est pourquoi, nous aimons g\u00e9n\u00e9rer des climats de confiance pour continuer \u00e0 grandir.<\/p>\n<p>Vous avez la possibilit\u00e9 de nous conna\u00eetre un peu plus juste ci-apr\u00e8s.<\/p>\n<p>&nbsp;<\/p>\n<p>&nbsp;<\/p>","protected":false},"excerpt":{"rendered":"<p>Nous sommes 80 personnes engag\u00e9es et align\u00e9es autour d\u2019un projet commun. Conscients de nos diff\u00e9rences, nous avons besoin de nous compl\u00e9menter pour donner notre [&hellip;]<\/p>\n","protected":false},"author":5,"featured_media":968,"parent":30,"menu_order":0,"comment_status":"closed","ping_status":"closed","template":"","meta":[],"_links":{"self":[{"href":"https:\/\/cadinox.com\/fr\/wp-json\/wp\/v2\/pages\/35"}],"collection":[{"href":"https:\/\/cadinox.com\/fr\/wp-json\/wp\/v2\/pages"}],"about":[{"href":"https:\/\/cadinox.com\/fr\/wp-json\/wp\/v2\/types\/page"}],"author":[{"embeddable":true,"href":"https:\/\/cadinox.com\/fr\/wp-json\/wp\/v2\/users\/5"}],"replies":[{"embeddable":true,"href":"https:\/\/cadinox.com\/fr\/wp-json\/wp\/v2\/comments?post=35"}],"version-history":[{"count":26,"href":"https:\/\/cadinox.com\/fr\/wp-json\/wp\/v2\/pages\/35\/revisions"}],"predecessor-version":[{"id":1319,"href":"https:\/\/cadinox.com\/fr\/wp-json\/wp\/v2\/pages\/35\/revisions\/1319"}],"up":[{"embeddable":true,"href":"https:\/\/cadinox.com\/fr\/wp-json\/wp\/v2\/pages\/30"}],"wp:featuredmedia":[{"embeddable":true,"href":"https:\/\/cadinox.com\/fr\/wp-json\/wp\/v2\/media\/968"}],"wp:attachment":[{"href":"https:\/\/cadinox.com\/fr\/wp-json\/wp\/v2\/media?parent=35"}],"curies":[{"name":"wp","href":"https:\/\/api.w.org\/{rel}","templated":true}]}}