{"id":37,"date":"2017-09-23T22:36:50","date_gmt":"2017-09-23T22:36:50","guid":{"rendered":"http:\/\/localhost\/cadinox\/?page_id=37"},"modified":"2020-11-13T08:54:16","modified_gmt":"2020-11-13T08:54:16","slug":"mercados","status":"publish","type":"page","link":"https:\/\/cadinox.com\/fr\/a-propos-de-nous\/marches\/","title":{"rendered":"March\u00e9s"},"content":{"rendered":"<p>CADINOX est n\u00e9 dans le but de donner une r\u00e9ponse \u00e0 la demande de l\u2019industrie papeti\u00e8re locale. Pendant les deux premi\u00e8res d\u00e9cennies, les ventes ont \u00e9t\u00e9 exclusivement nationales.<\/p>\n<p>Pendant la trois\u00e8me d\u00e9cennie, les limites g\u00e9ographiques ont \u00e9t\u00e9 d\u00e9pass\u00e9es, commen\u00e7ant \u00e0 satisfaire les demandes de certains clients allemands.<\/p>\n<p>\u00c0 partir de l\u00e0, la vocation de d\u00e9passer des fronti\u00e8res g\u00e9ographiques a toujours \u00e9t\u00e9 pr\u00e9sente dans la strat\u00e9gie de CADINOX, jusqu\u2019\u00e0 tel point qu\u2019actuellement, les exportations d\u00e9passent les ventes nationales.<\/p>\n<p>De plus, il existe un certain degr\u00e9 d\u2019internationalisation m\u00eame dans les ventes nationales puisque la destination finale de beaucoup de ces ventes l\u00e0 est internationale et cela nous exige de g\u00e9rer le projet comme s\u2019il s\u2019agissait d\u2019un projet international.<\/p>","protected":false},"excerpt":{"rendered":"<p>CADINOX est n\u00e9 dans le but de donner une r\u00e9ponse \u00e0 la demande de l\u2019industrie papeti\u00e8re locale. Pendant les deux premi\u00e8res d\u00e9cennies, les ventes [&hellip;]<\/p>\n","protected":false},"author":5,"featured_media":0,"parent":30,"menu_order":0,"comment_status":"closed","ping_status":"closed","template":"","meta":[],"_links":{"self":[{"href":"https:\/\/cadinox.com\/fr\/wp-json\/wp\/v2\/pages\/37"}],"collection":[{"href":"https:\/\/cadinox.com\/fr\/wp-json\/wp\/v2\/pages"}],"about":[{"href":"https:\/\/cadinox.com\/fr\/wp-json\/wp\/v2\/types\/page"}],"author":[{"embeddable":true,"href":"https:\/\/cadinox.com\/fr\/wp-json\/wp\/v2\/users\/5"}],"replies":[{"embeddable":true,"href":"https:\/\/cadinox.com\/fr\/wp-json\/wp\/v2\/comments?post=37"}],"version-history":[{"count":16,"href":"https:\/\/cadinox.com\/fr\/wp-json\/wp\/v2\/pages\/37\/revisions"}],"predecessor-version":[{"id":1425,"href":"https:\/\/cadinox.com\/fr\/wp-json\/wp\/v2\/pages\/37\/revisions\/1425"}],"up":[{"embeddable":true,"href":"https:\/\/cadinox.com\/fr\/wp-json\/wp\/v2\/pages\/30"}],"wp:attachment":[{"href":"https:\/\/cadinox.com\/fr\/wp-json\/wp\/v2\/media?parent=37"}],"curies":[{"name":"wp","href":"https:\/\/api.w.org\/{rel}","templated":true}]}}