{"id":43,"date":"2017-09-23T22:38:13","date_gmt":"2017-09-23T22:38:13","guid":{"rendered":"http:\/\/localhost\/cadinox\/?page_id=43"},"modified":"2021-05-07T07:23:41","modified_gmt":"2021-05-07T07:23:41","slug":"ciencia","status":"publish","type":"page","link":"https:\/\/cadinox.com\/fr\/secteurs\/science\/","title":{"rendered":"Science"},"content":{"rendered":"<p>Il y a un peu plus de dix ans, Cadinox a eu \u00e0 faire \u00e0 un d\u00e9fi: &#8211; Seriez-vous capables de fabriquer une chambre \u00e0 vide?&#8230;quelques ann\u00e9es plus tard, CADINOX est une r\u00e9alit\u00e9 pr\u00e9sente dans le monde des grandes installations scientifiques, exportant la technologie cr\u00e9\u00e9e et produite de son usine de Belauntza jusqu\u2019\u00e0 des pays leaders mondiaux dans ce secteur comme la Suisse (Cern), la France (ILL, ESRF), le Royaume Uni (ISIS) ou le Japon (IFMIF).<\/p>\n<p>L\u2019exp\u00e9rience l\u2019a transform\u00e9 en un fournisseur de r\u00e9f\u00e9rence pour pouvoir effectuer des projets dans des acc\u00e9l\u00e9rateurs de particules, neutronique, synchrotrons, fusion, centres de lasers puls\u00e9s, astrophysique ou espace. Ces derni\u00e8res ann\u00e9es la science a repr\u00e9sent\u00e9 20% du chiffre d\u2019affaires de Cadinox.<\/p>\n<p>De plus, gr\u00e2ce \u00e0 la vocation de service et \u00e0 la formation humaine, technique et organisative pour mettre en oeuvre des projets cl\u00e9-en-main, CADINOX est en train de collabor\u00e9 c\u00f4te \u00e0 c\u00f4te avec les \u00e9quipes d\u2019ing\u00e9nieurs et scientifiques m\u00eame depuis les phases initiales de dessin pour r\u00e9pondre \u00e0 la question\u00a0: comment fabriquer ce dont la science a besoin pour avancer\u00a0?<\/p>","protected":false},"excerpt":{"rendered":"<p>Il y a un peu plus de dix ans, Cadinox a eu \u00e0 faire \u00e0 un d\u00e9fi: &#8211; Seriez-vous capables de fabriquer une chambre [&hellip;]<\/p>\n","protected":false},"author":5,"featured_media":0,"parent":12,"menu_order":0,"comment_status":"closed","ping_status":"closed","template":"","meta":[],"_links":{"self":[{"href":"https:\/\/cadinox.com\/fr\/wp-json\/wp\/v2\/pages\/43"}],"collection":[{"href":"https:\/\/cadinox.com\/fr\/wp-json\/wp\/v2\/pages"}],"about":[{"href":"https:\/\/cadinox.com\/fr\/wp-json\/wp\/v2\/types\/page"}],"author":[{"embeddable":true,"href":"https:\/\/cadinox.com\/fr\/wp-json\/wp\/v2\/users\/5"}],"replies":[{"embeddable":true,"href":"https:\/\/cadinox.com\/fr\/wp-json\/wp\/v2\/comments?post=43"}],"version-history":[{"count":14,"href":"https:\/\/cadinox.com\/fr\/wp-json\/wp\/v2\/pages\/43\/revisions"}],"predecessor-version":[{"id":1463,"href":"https:\/\/cadinox.com\/fr\/wp-json\/wp\/v2\/pages\/43\/revisions\/1463"}],"up":[{"embeddable":true,"href":"https:\/\/cadinox.com\/fr\/wp-json\/wp\/v2\/pages\/12"}],"wp:attachment":[{"href":"https:\/\/cadinox.com\/fr\/wp-json\/wp\/v2\/media?parent=43"}],"curies":[{"name":"wp","href":"https:\/\/api.w.org\/{rel}","templated":true}]}}