{"id":45,"date":"2017-09-23T22:38:43","date_gmt":"2017-09-23T22:38:43","guid":{"rendered":"http:\/\/localhost\/cadinox\/?page_id=45"},"modified":"2019-11-01T11:10:20","modified_gmt":"2019-11-01T11:10:20","slug":"bombas","status":"publish","type":"page","link":"https:\/\/cadinox.com\/fr\/secteurs\/equipements-hydrauliques-de-pompage\/","title":{"rendered":"\u00c9quipements hydrauliques de pompage"},"content":{"rendered":"<p>CADINOX est sp\u00e9cialis\u00e9 dans la fabrication pr\u00e9cise d\u2019\u00e9quipemens hydrauliques de pompage.<\/p>\n<p>Ces \u00e9quipes hydrauliques travaillent dans des conditions tr\u00e8s s\u00e9v\u00e8res, aussi bien pour la pression qu\u2019ils supportent, pour la corrosion du moyen qu\u2019elles contiennent, pour les (hautes ou basses) temp\u00e9ratures de fonctionnement ou pour la fatigue cumul\u00e9e \u00e0 cause des cycles, des vibrations, etc.<\/p>\n<p>S\u2019il y a quelque chose qui caract\u00e9rise CADINOX c\u2019est l\u2019efficacit\u00e9 qu\u2019il r\u00e9ussit \u00e0 avoir en combinant de grands volumes avec une haute pr\u00e9cision.<br \/>\nDe plus, il compte sur une vaste exp\u00e9rience dans diff\u00e9rents mat\u00e9riaux, que ce soit les aciers basiques au carbone et inoxydables aux mat\u00e9riaux de fabrication compliqu\u00e9e, tels que les aciers inoxydables superaust\u00e9nitiques (DUPLEX et SUPERDUPLEX) et d\u2019autres plus exotiques (Inconel, Monel, etc).<\/p>","protected":false},"excerpt":{"rendered":"<p>CADINOX est sp\u00e9cialis\u00e9 dans la fabrication pr\u00e9cise d\u2019\u00e9quipemens hydrauliques de pompage. Ces \u00e9quipes hydrauliques travaillent dans des conditions tr\u00e8s s\u00e9v\u00e8res, aussi bien pour la [&hellip;]<\/p>\n","protected":false},"author":5,"featured_media":0,"parent":12,"menu_order":0,"comment_status":"closed","ping_status":"closed","template":"","meta":[],"_links":{"self":[{"href":"https:\/\/cadinox.com\/fr\/wp-json\/wp\/v2\/pages\/45"}],"collection":[{"href":"https:\/\/cadinox.com\/fr\/wp-json\/wp\/v2\/pages"}],"about":[{"href":"https:\/\/cadinox.com\/fr\/wp-json\/wp\/v2\/types\/page"}],"author":[{"embeddable":true,"href":"https:\/\/cadinox.com\/fr\/wp-json\/wp\/v2\/users\/5"}],"replies":[{"embeddable":true,"href":"https:\/\/cadinox.com\/fr\/wp-json\/wp\/v2\/comments?post=45"}],"version-history":[{"count":10,"href":"https:\/\/cadinox.com\/fr\/wp-json\/wp\/v2\/pages\/45\/revisions"}],"predecessor-version":[{"id":1309,"href":"https:\/\/cadinox.com\/fr\/wp-json\/wp\/v2\/pages\/45\/revisions\/1309"}],"up":[{"embeddable":true,"href":"https:\/\/cadinox.com\/fr\/wp-json\/wp\/v2\/pages\/12"}],"wp:attachment":[{"href":"https:\/\/cadinox.com\/fr\/wp-json\/wp\/v2\/media?parent=45"}],"curies":[{"name":"wp","href":"https:\/\/api.w.org\/{rel}","templated":true}]}}