{"id":47,"date":"2017-09-23T22:39:02","date_gmt":"2017-09-23T22:39:02","guid":{"rendered":"http:\/\/localhost\/cadinox\/?page_id=47"},"modified":"2019-11-01T11:09:08","modified_gmt":"2019-11-01T11:09:08","slug":"oil-gas","status":"publish","type":"page","link":"https:\/\/cadinox.com\/fr\/secteurs\/oil-gas\/","title":{"rendered":"Oil &#038; Gas"},"content":{"rendered":"<p>\u00c9tant donn\u00e9 les conditions de haute temp\u00e9rature et l\u2019ambiance corrosive qui les entoure, les produits de ce secteur sont r\u00e9alis\u00e9s dans des mat\u00e9riaux sp\u00e9ciaux de soudabilit\u00e9 difficile: Alloys, plusieurs inoxydables aust\u00e9nitiques (AISI 304H, 310, 310S, 316 Ti, 321 347H\u2026) et soud\u00e9s avec des apportations de type alliages Nickel-Chrome-Cobalt-Molybd\u00e8ne.<\/p>\n<p>Plusieurs pi\u00e8ces disposent des mat\u00e9riaux r\u00e9fractaires \u00e0 haute r\u00e9sistance thermique et des couvertures thermiques de dilatation.<\/p>\n<p>Les conditions requises des commandes disposent habituellement d\u2019essais \u00e0 la soudure, essais de pression et essais aux r\u00e9fractaires.<\/p>","protected":false},"excerpt":{"rendered":"<p>\u00c9tant donn\u00e9 les conditions de haute temp\u00e9rature et l\u2019ambiance corrosive qui les entoure, les produits de ce secteur sont r\u00e9alis\u00e9s dans des mat\u00e9riaux sp\u00e9ciaux [&hellip;]<\/p>\n","protected":false},"author":5,"featured_media":0,"parent":12,"menu_order":0,"comment_status":"closed","ping_status":"closed","template":"","meta":[],"_links":{"self":[{"href":"https:\/\/cadinox.com\/fr\/wp-json\/wp\/v2\/pages\/47"}],"collection":[{"href":"https:\/\/cadinox.com\/fr\/wp-json\/wp\/v2\/pages"}],"about":[{"href":"https:\/\/cadinox.com\/fr\/wp-json\/wp\/v2\/types\/page"}],"author":[{"embeddable":true,"href":"https:\/\/cadinox.com\/fr\/wp-json\/wp\/v2\/users\/5"}],"replies":[{"embeddable":true,"href":"https:\/\/cadinox.com\/fr\/wp-json\/wp\/v2\/comments?post=47"}],"version-history":[{"count":12,"href":"https:\/\/cadinox.com\/fr\/wp-json\/wp\/v2\/pages\/47\/revisions"}],"predecessor-version":[{"id":1310,"href":"https:\/\/cadinox.com\/fr\/wp-json\/wp\/v2\/pages\/47\/revisions\/1310"}],"up":[{"embeddable":true,"href":"https:\/\/cadinox.com\/fr\/wp-json\/wp\/v2\/pages\/12"}],"wp:attachment":[{"href":"https:\/\/cadinox.com\/fr\/wp-json\/wp\/v2\/media?parent=47"}],"curies":[{"name":"wp","href":"https:\/\/api.w.org\/{rel}","templated":true}]}}