{"id":49,"date":"2017-09-23T22:39:31","date_gmt":"2017-09-23T22:39:31","guid":{"rendered":"http:\/\/localhost\/cadinox\/?page_id=49"},"modified":"2019-11-01T11:08:29","modified_gmt":"2019-11-01T11:08:29","slug":"hidro","status":"publish","type":"page","link":"https:\/\/cadinox.com\/fr\/secteurs\/hydro\/","title":{"rendered":"Hydro"},"content":{"rendered":"<p>Nous sommes dans un secteur dans lequel le passage du liquide, \u00e0 diff\u00e9rentes pressions et \u00e0 diff\u00e9rents d\u00e9bits produit une s\u00e9rie d\u2019effets dans le produit contenant\u00a0: usures, turbulences, effets de vide, etc. ces effets-l\u00e0 qui affectent la structure, entra\u00eenent une s\u00e9rie de conditions de fabrication de haute exigence.<\/p>\n<p>\u00c0 tout cela il faut ajouter une s\u00e9rie de pi\u00e8ces aux formes complexes, arrondies, d\u2019acc\u00e8s difficile et aux angles meul\u00e9s uniquement aptes pour les chaudronneries disposant d\u2019un bon \u00e9quipement, des ann\u00e9es d\u2019exp\u00e9rience et beaucoup de qualit\u00e9 dans la finition.<\/p>\n<p>Cadinox respecte les conditions ci-dessus cit\u00e9es et a \u00e9t\u00e9 capable de produire de mani\u00e8re satisfaisante toute la gamme de pi\u00e8ces \u00e9num\u00e9r\u00e9es ci-dessous pour plusieurs clients de ce secteur.<\/p>","protected":false},"excerpt":{"rendered":"<p>Nous sommes dans un secteur dans lequel le passage du liquide, \u00e0 diff\u00e9rentes pressions et \u00e0 diff\u00e9rents d\u00e9bits produit une s\u00e9rie d\u2019effets dans le [&hellip;]<\/p>\n","protected":false},"author":5,"featured_media":0,"parent":12,"menu_order":0,"comment_status":"closed","ping_status":"closed","template":"","meta":[],"_links":{"self":[{"href":"https:\/\/cadinox.com\/fr\/wp-json\/wp\/v2\/pages\/49"}],"collection":[{"href":"https:\/\/cadinox.com\/fr\/wp-json\/wp\/v2\/pages"}],"about":[{"href":"https:\/\/cadinox.com\/fr\/wp-json\/wp\/v2\/types\/page"}],"author":[{"embeddable":true,"href":"https:\/\/cadinox.com\/fr\/wp-json\/wp\/v2\/users\/5"}],"replies":[{"embeddable":true,"href":"https:\/\/cadinox.com\/fr\/wp-json\/wp\/v2\/comments?post=49"}],"version-history":[{"count":11,"href":"https:\/\/cadinox.com\/fr\/wp-json\/wp\/v2\/pages\/49\/revisions"}],"predecessor-version":[{"id":1311,"href":"https:\/\/cadinox.com\/fr\/wp-json\/wp\/v2\/pages\/49\/revisions\/1311"}],"up":[{"embeddable":true,"href":"https:\/\/cadinox.com\/fr\/wp-json\/wp\/v2\/pages\/12"}],"wp:attachment":[{"href":"https:\/\/cadinox.com\/fr\/wp-json\/wp\/v2\/media?parent=49"}],"curies":[{"name":"wp","href":"https:\/\/api.w.org\/{rel}","templated":true}]}}