{"id":51,"date":"2017-09-23T22:39:57","date_gmt":"2017-09-23T22:39:57","guid":{"rendered":"http:\/\/localhost\/cadinox\/?page_id=51"},"modified":"2019-11-01T11:07:49","modified_gmt":"2019-11-01T11:07:49","slug":"papel","status":"publish","type":"page","link":"https:\/\/cadinox.com\/fr\/secteurs\/papier\/","title":{"rendered":"Papier"},"content":{"rendered":"<p>Dans les ann\u00e9es 60, Gipuzkoa et plus pr\u00e9cis\u00e9ment, la zone de Tolosaldea b\u00e9n\u00e9ficiait d\u2019une industrie papeti\u00e8re tr\u00e8s prosp\u00e8re. C\u2019est dans cet entourage-l\u00e0\u00a0 que CADINOX \u00a0s\u2019est implant\u00e9e et elle est n\u00e9e pour r\u00e9pondre \u00e0 la croissante demande de services de chaudronnerie de ce secteur.<\/p>\n<p>Au sein de l\u2019industrie de p\u00e2te \u00e0 papier, l\u2019exp\u00e9rience de CADINOX est tr\u00e8s vaste et fabrique aussi bien des pi\u00e8ces pour les machines que des pi\u00e8ces pour les proc\u00e9d\u00e9s de pr\u00e1partion de p\u00e2tes.<\/p>\n<p>En ce qui concerne les pi\u00e8ces pour machine, on fabrique aussi bien des pi\u00e8ces structurelles pour les zones humides et s\u00e8ches que d\u2019autres aux g\u00e9om\u00e9tries plus complexes.<\/p>\n<p>Auparavant, toutes les structures de fixation de rouleaux de la zone humide des papeti\u00e8res \u00e9taient fabriqu\u00e9es int\u00e9gralement en acier inoxydable. Avec le temps et dans le but d\u2019\u00e9conomiser les co\u00fbts, le corps principal a commenc\u00e9 \u00e0 \u00eatre demand\u00e9 en acier au carbone, \u00e9tant recouvert avec des t\u00f4les et des plaques d\u2019acier inoxydable. \u00a0.<\/p>\n<p>Parmi les g\u00e9om\u00e9tries complexes, il faut souligner l\u2019exp\u00e9rience en pi\u00e8ces et en \u00e9quipements o\u00f9 les exigeantes tol\u00e9rances dimensionnelles viennent s\u2019ajouter aux conditions superficielles strictes.<\/p>\n<p>Au sein de la famille d\u2019\u00e9quipements pour les syst\u00e8mes de pr\u00e9paration de p\u00e2te, il faut remarquer\u00a0: les vis mixeuses de p\u00e2te, les pulpeurs, les d\u00e9p\u00f4ts et les tr\u00e9mies, les tamis, les cribleurs, les r\u00e9partiteurs de p\u00e2te etc.<\/p>","protected":false},"excerpt":{"rendered":"<p>Dans les ann\u00e9es 60, Gipuzkoa et plus pr\u00e9cis\u00e9ment, la zone de Tolosaldea b\u00e9n\u00e9ficiait d\u2019une industrie papeti\u00e8re tr\u00e8s prosp\u00e8re. C\u2019est dans cet entourage-l\u00e0\u00a0 que CADINOX [&hellip;]<\/p>\n","protected":false},"author":5,"featured_media":0,"parent":12,"menu_order":0,"comment_status":"closed","ping_status":"closed","template":"","meta":[],"_links":{"self":[{"href":"https:\/\/cadinox.com\/fr\/wp-json\/wp\/v2\/pages\/51"}],"collection":[{"href":"https:\/\/cadinox.com\/fr\/wp-json\/wp\/v2\/pages"}],"about":[{"href":"https:\/\/cadinox.com\/fr\/wp-json\/wp\/v2\/types\/page"}],"author":[{"embeddable":true,"href":"https:\/\/cadinox.com\/fr\/wp-json\/wp\/v2\/users\/5"}],"replies":[{"embeddable":true,"href":"https:\/\/cadinox.com\/fr\/wp-json\/wp\/v2\/comments?post=51"}],"version-history":[{"count":12,"href":"https:\/\/cadinox.com\/fr\/wp-json\/wp\/v2\/pages\/51\/revisions"}],"predecessor-version":[{"id":1312,"href":"https:\/\/cadinox.com\/fr\/wp-json\/wp\/v2\/pages\/51\/revisions\/1312"}],"up":[{"embeddable":true,"href":"https:\/\/cadinox.com\/fr\/wp-json\/wp\/v2\/pages\/12"}],"wp:attachment":[{"href":"https:\/\/cadinox.com\/fr\/wp-json\/wp\/v2\/media?parent=51"}],"curies":[{"name":"wp","href":"https:\/\/api.w.org\/{rel}","templated":true}]}}